{"id":2705,"date":"2026-02-21T10:08:49","date_gmt":"2026-02-21T08:08:49","guid":{"rendered":"https:\/\/www.kinanen.fi\/kurssikeskus\/?page_id=2705"},"modified":"2026-02-22T19:24:08","modified_gmt":"2026-02-22T17:24:08","slug":"narratiivinen-tyoskentely","status":"publish","type":"page","link":"https:\/\/www.kinanen.fi\/kurssikeskus\/narratiivinen-tyoskentely\/","title":{"rendered":"El\u00e4m\u00e4ntarina ty\u00f6skentely"},"content":{"rendered":"\t\t<div data-elementor-type=\"wp-page\" data-elementor-id=\"2705\" class=\"elementor elementor-2705\" data-elementor-post-type=\"page\">\n\t\t\t\t\t\t<section class=\"elementor-section elementor-top-section elementor-element elementor-element-440ff199 elementor-section-boxed elementor-section-height-default elementor-section-height-default\" data-id=\"440ff199\" data-element_type=\"section\" data-e-type=\"section\">\n\t\t\t\t\t\t<div class=\"elementor-container elementor-column-gap-default\">\n\t\t\t\t\t<div class=\"elementor-column elementor-col-100 elementor-top-column elementor-element elementor-element-42057cf\" data-id=\"42057cf\" data-element_type=\"column\" data-e-type=\"column\">\n\t\t\t<div class=\"elementor-widget-wrap elementor-element-populated\">\n\t\t\t\t\t\t<div class=\"elementor-element elementor-element-4eb353b1 elementor-widget elementor-widget-text-editor\" data-id=\"4eb353b1\" data-element_type=\"widget\" data-e-type=\"widget\" data-widget_type=\"text-editor.default\">\n\t\t\t\t<div class=\"elementor-widget-container\">\n\t\t\t\t\t\t\t\t\t\n<p>Katja tarjoaa Sinulle paikan narratiiviseen ty\u00f6skentelyyn, tutkimaan ja kirjoittamaan omaa tarinaasi. Tartu tarjoukseen! Ole yhteydess\u00e4 Katjaan. Yhteystiedot kuvassa.<\/p>\n\n\n\n<figure class=\"wp-block-image aligncenter size-large\"><img fetchpriority=\"high\" decoding=\"async\" width=\"712\" height=\"1024\" src=\"https:\/\/www.kinanen.fi\/kurssikeskus\/wp-content\/uploads\/Ihminen-tavattavissa-1-712x1024.jpeg\" alt=\"Ihminen tavattavissa. Narratiivisen ty\u00f6skentelyn mainos\" class=\"wp-image-2700\" srcset=\"https:\/\/www.kinanen.fi\/kurssikeskus\/wp-content\/uploads\/Ihminen-tavattavissa-1-712x1024.jpeg 712w, https:\/\/www.kinanen.fi\/kurssikeskus\/wp-content\/uploads\/Ihminen-tavattavissa-1-209x300.jpeg 209w, https:\/\/www.kinanen.fi\/kurssikeskus\/wp-content\/uploads\/Ihminen-tavattavissa-1-768x1105.jpeg 768w, https:\/\/www.kinanen.fi\/kurssikeskus\/wp-content\/uploads\/Ihminen-tavattavissa-1.jpeg 890w\" sizes=\"(max-width: 712px) 100vw, 712px\" \/><figcaption class=\"wp-element-caption\">Katja Lehtola<\/figcaption><\/figure>\n\n\n\n<p><\/p>\n\t\t\t\t\t\t\t\t<\/div>\n\t\t\t\t<\/div>\n\t\t\t\t\t<\/div>\n\t\t<\/div>\n\t\t\t\t\t<\/div>\n\t\t<\/section>\n\t\t\t\t<\/div>\n\t\t","protected":false},"excerpt":{"rendered":"<p>Katja tarjoaa Sinulle paikan narratiiviseen ty\u00f6skentelyyn, tutkimaan ja kirjoittamaan omaa tarinaasi. Tartu tarjoukseen! Ole yhteydess\u00e4 Katjaan. Yhteystiedot kuvassa.<\/p>\n","protected":false},"author":3,"featured_media":0,"parent":0,"menu_order":0,"comment_status":"closed","ping_status":"closed","template":"","meta":{"footnotes":""},"class_list":["post-2705","page","type-page","status-publish","hentry"],"yoast_head":"<!-- This site is optimized with the Yoast SEO plugin v27.4 - https:\/\/yoast.com\/product\/yoast-seo-wordpress\/ -->\n<title>El\u00e4m\u00e4ntarina ty\u00f6skentely - Kurssikeskus Kinanen<\/title>\n<meta name=\"description\" content=\"Katjalla tarjoaa Sinulle paikan narratiiviseen ty\u00f6skentelyyn, tutkimaan ja kirjoittamaan omaa tarinaasi. Tartu tarjoukseen! Ole yhteydess\u00e4.\" \/>\n<meta name=\"robots\" content=\"index, follow, max-snippet:-1, max-image-preview:large, max-video-preview:-1\" \/>\n<link rel=\"canonical\" href=\"https:\/\/www.kinanen.fi\/kurssikeskus\/narratiivinen-tyoskentely\/\" \/>\n<meta property=\"og:locale\" content=\"fi_FI\" \/>\n<meta property=\"og:type\" content=\"article\" \/>\n<meta property=\"og:title\" content=\"El\u00e4m\u00e4ntarina ty\u00f6skentely - Kurssikeskus Kinanen\" \/>\n<meta property=\"og:description\" content=\"Katjalla tarjoaa Sinulle paikan narratiiviseen ty\u00f6skentelyyn, tutkimaan ja kirjoittamaan omaa tarinaasi. Tartu tarjoukseen! Ole yhteydess\u00e4.\" \/>\n<meta property=\"og:url\" content=\"https:\/\/www.kinanen.fi\/kurssikeskus\/narratiivinen-tyoskentely\/\" \/>\n<meta property=\"og:site_name\" content=\"Kurssikeskus Kinanen\" \/>\n<meta property=\"article:publisher\" content=\"https:\/\/www.facebook.com\/mkinanen\" \/>\n<meta property=\"article:modified_time\" content=\"2026-02-22T17:24:08+00:00\" \/>\n<meta property=\"og:image\" content=\"https:\/\/www.kinanen.fi\/kurssikeskus\/wp-content\/uploads\/Ihminen-tavattavissa-1.jpeg\" \/>\n\t<meta property=\"og:image:width\" content=\"890\" \/>\n\t<meta property=\"og:image:height\" content=\"1280\" \/>\n\t<meta property=\"og:image:type\" content=\"image\/jpeg\" \/>\n<meta name=\"twitter:card\" content=\"summary_large_image\" \/>\n<meta name=\"twitter:label1\" content=\"Arvioitu lukuaika\" \/>\n\t<meta name=\"twitter:data1\" content=\"1 minuutti\" \/>\n<script type=\"application\/ld+json\" class=\"yoast-schema-graph\">{\"@context\":\"https:\\\/\\\/schema.org\",\"@graph\":[{\"@type\":\"WebPage\",\"@id\":\"https:\\\/\\\/www.kinanen.fi\\\/kurssikeskus\\\/narratiivinen-tyoskentely\\\/\",\"url\":\"https:\\\/\\\/www.kinanen.fi\\\/kurssikeskus\\\/narratiivinen-tyoskentely\\\/\",\"name\":\"El\u00e4m\u00e4ntarina ty\u00f6skentely - Kurssikeskus Kinanen\",\"isPartOf\":{\"@id\":\"https:\\\/\\\/www.kinanen.fi\\\/kurssikeskus\\\/#website\"},\"primaryImageOfPage\":{\"@id\":\"https:\\\/\\\/www.kinanen.fi\\\/kurssikeskus\\\/narratiivinen-tyoskentely\\\/#primaryimage\"},\"image\":{\"@id\":\"https:\\\/\\\/www.kinanen.fi\\\/kurssikeskus\\\/narratiivinen-tyoskentely\\\/#primaryimage\"},\"thumbnailUrl\":\"https:\\\/\\\/www.kinanen.fi\\\/kurssikeskus\\\/wp-content\\\/uploads\\\/Ihminen-tavattavissa-1-712x1024.jpeg\",\"datePublished\":\"2026-02-21T08:08:49+00:00\",\"dateModified\":\"2026-02-22T17:24:08+00:00\",\"description\":\"Katjalla tarjoaa Sinulle paikan narratiiviseen ty\u00f6skentelyyn, tutkimaan ja kirjoittamaan omaa tarinaasi. Tartu tarjoukseen! Ole yhteydess\u00e4.\",\"breadcrumb\":{\"@id\":\"https:\\\/\\\/www.kinanen.fi\\\/kurssikeskus\\\/narratiivinen-tyoskentely\\\/#breadcrumb\"},\"inLanguage\":\"fi\",\"potentialAction\":[{\"@type\":\"ReadAction\",\"target\":[\"https:\\\/\\\/www.kinanen.fi\\\/kurssikeskus\\\/narratiivinen-tyoskentely\\\/\"]}]},{\"@type\":\"ImageObject\",\"inLanguage\":\"fi\",\"@id\":\"https:\\\/\\\/www.kinanen.fi\\\/kurssikeskus\\\/narratiivinen-tyoskentely\\\/#primaryimage\",\"url\":\"https:\\\/\\\/www.kinanen.fi\\\/kurssikeskus\\\/wp-content\\\/uploads\\\/Ihminen-tavattavissa-1.jpeg\",\"contentUrl\":\"https:\\\/\\\/www.kinanen.fi\\\/kurssikeskus\\\/wp-content\\\/uploads\\\/Ihminen-tavattavissa-1.jpeg\",\"width\":890,\"height\":1280,\"caption\":\"Screenshot\"},{\"@type\":\"BreadcrumbList\",\"@id\":\"https:\\\/\\\/www.kinanen.fi\\\/kurssikeskus\\\/narratiivinen-tyoskentely\\\/#breadcrumb\",\"itemListElement\":[{\"@type\":\"ListItem\",\"position\":1,\"name\":\"Etusivu\",\"item\":\"https:\\\/\\\/www.kinanen.fi\\\/kurssikeskus\\\/\"},{\"@type\":\"ListItem\",\"position\":2,\"name\":\"El\u00e4m\u00e4ntarina ty\u00f6skentely\"}]},{\"@type\":\"WebSite\",\"@id\":\"https:\\\/\\\/www.kinanen.fi\\\/kurssikeskus\\\/#website\",\"url\":\"https:\\\/\\\/www.kinanen.fi\\\/kurssikeskus\\\/\",\"name\":\"Kurssikeskus Kinanen\",\"description\":\"innostava arki hyvinvoinnin perustana!\",\"publisher\":{\"@id\":\"https:\\\/\\\/www.kinanen.fi\\\/kurssikeskus\\\/#\\\/schema\\\/person\\\/d6c77a570fe4c97c85fc540be039951e\"},\"potentialAction\":[{\"@type\":\"SearchAction\",\"target\":{\"@type\":\"EntryPoint\",\"urlTemplate\":\"https:\\\/\\\/www.kinanen.fi\\\/kurssikeskus\\\/?s={search_term_string}\"},\"query-input\":{\"@type\":\"PropertyValueSpecification\",\"valueRequired\":true,\"valueName\":\"search_term_string\"}}],\"inLanguage\":\"fi\"},{\"@type\":[\"Person\",\"Organization\"],\"@id\":\"https:\\\/\\\/www.kinanen.fi\\\/kurssikeskus\\\/#\\\/schema\\\/person\\\/d6c77a570fe4c97c85fc540be039951e\",\"name\":\"Mare\",\"image\":{\"@type\":\"ImageObject\",\"inLanguage\":\"fi\",\"@id\":\"https:\\\/\\\/www.kinanen.fi\\\/kurssikeskus\\\/wp-content\\\/uploads\\\/2023\\\/11\\\/Mare2018-1.jpeg\",\"url\":\"https:\\\/\\\/www.kinanen.fi\\\/kurssikeskus\\\/wp-content\\\/uploads\\\/2023\\\/11\\\/Mare2018-1.jpeg\",\"contentUrl\":\"https:\\\/\\\/www.kinanen.fi\\\/kurssikeskus\\\/wp-content\\\/uploads\\\/2023\\\/11\\\/Mare2018-1.jpeg\",\"width\":600,\"height\":690,\"caption\":\"Mare\"},\"logo\":{\"@id\":\"https:\\\/\\\/www.kinanen.fi\\\/kurssikeskus\\\/wp-content\\\/uploads\\\/2023\\\/11\\\/Mare2018-1.jpeg\"},\"sameAs\":[\"https:\\\/\\\/www.kinanen.fi\\\/kurssikeskus\\\/\",\"https:\\\/\\\/www.facebook.com\\\/mkinanen\",\"https:\\\/\\\/www.instagram.com\\\/mkinanen\\\/\",\"https:\\\/\\\/www.linkedin.com\\\/in\\\/mare-kinanen-936635250\\\/\"]}]}<\/script>\n<!-- \/ Yoast SEO plugin. -->","yoast_head_json":{"title":"El\u00e4m\u00e4ntarina ty\u00f6skentely - Kurssikeskus Kinanen","description":"Katjalla tarjoaa Sinulle paikan narratiiviseen ty\u00f6skentelyyn, tutkimaan ja kirjoittamaan omaa tarinaasi. Tartu tarjoukseen! Ole yhteydess\u00e4.","robots":{"index":"index","follow":"follow","max-snippet":"max-snippet:-1","max-image-preview":"max-image-preview:large","max-video-preview":"max-video-preview:-1"},"canonical":"https:\/\/www.kinanen.fi\/kurssikeskus\/narratiivinen-tyoskentely\/","og_locale":"fi_FI","og_type":"article","og_title":"El\u00e4m\u00e4ntarina ty\u00f6skentely - Kurssikeskus Kinanen","og_description":"Katjalla tarjoaa Sinulle paikan narratiiviseen ty\u00f6skentelyyn, tutkimaan ja kirjoittamaan omaa tarinaasi. Tartu tarjoukseen! Ole yhteydess\u00e4.","og_url":"https:\/\/www.kinanen.fi\/kurssikeskus\/narratiivinen-tyoskentely\/","og_site_name":"Kurssikeskus Kinanen","article_publisher":"https:\/\/www.facebook.com\/mkinanen","article_modified_time":"2026-02-22T17:24:08+00:00","og_image":[{"width":890,"height":1280,"url":"https:\/\/www.kinanen.fi\/kurssikeskus\/wp-content\/uploads\/Ihminen-tavattavissa-1.jpeg","type":"image\/jpeg"}],"twitter_card":"summary_large_image","twitter_misc":{"Arvioitu lukuaika":"1 minuutti"},"schema":{"@context":"https:\/\/schema.org","@graph":[{"@type":"WebPage","@id":"https:\/\/www.kinanen.fi\/kurssikeskus\/narratiivinen-tyoskentely\/","url":"https:\/\/www.kinanen.fi\/kurssikeskus\/narratiivinen-tyoskentely\/","name":"El\u00e4m\u00e4ntarina ty\u00f6skentely - Kurssikeskus Kinanen","isPartOf":{"@id":"https:\/\/www.kinanen.fi\/kurssikeskus\/#website"},"primaryImageOfPage":{"@id":"https:\/\/www.kinanen.fi\/kurssikeskus\/narratiivinen-tyoskentely\/#primaryimage"},"image":{"@id":"https:\/\/www.kinanen.fi\/kurssikeskus\/narratiivinen-tyoskentely\/#primaryimage"},"thumbnailUrl":"https:\/\/www.kinanen.fi\/kurssikeskus\/wp-content\/uploads\/Ihminen-tavattavissa-1-712x1024.jpeg","datePublished":"2026-02-21T08:08:49+00:00","dateModified":"2026-02-22T17:24:08+00:00","description":"Katjalla tarjoaa Sinulle paikan narratiiviseen ty\u00f6skentelyyn, tutkimaan ja kirjoittamaan omaa tarinaasi. Tartu tarjoukseen! Ole yhteydess\u00e4.","breadcrumb":{"@id":"https:\/\/www.kinanen.fi\/kurssikeskus\/narratiivinen-tyoskentely\/#breadcrumb"},"inLanguage":"fi","potentialAction":[{"@type":"ReadAction","target":["https:\/\/www.kinanen.fi\/kurssikeskus\/narratiivinen-tyoskentely\/"]}]},{"@type":"ImageObject","inLanguage":"fi","@id":"https:\/\/www.kinanen.fi\/kurssikeskus\/narratiivinen-tyoskentely\/#primaryimage","url":"https:\/\/www.kinanen.fi\/kurssikeskus\/wp-content\/uploads\/Ihminen-tavattavissa-1.jpeg","contentUrl":"https:\/\/www.kinanen.fi\/kurssikeskus\/wp-content\/uploads\/Ihminen-tavattavissa-1.jpeg","width":890,"height":1280,"caption":"Screenshot"},{"@type":"BreadcrumbList","@id":"https:\/\/www.kinanen.fi\/kurssikeskus\/narratiivinen-tyoskentely\/#breadcrumb","itemListElement":[{"@type":"ListItem","position":1,"name":"Etusivu","item":"https:\/\/www.kinanen.fi\/kurssikeskus\/"},{"@type":"ListItem","position":2,"name":"El\u00e4m\u00e4ntarina ty\u00f6skentely"}]},{"@type":"WebSite","@id":"https:\/\/www.kinanen.fi\/kurssikeskus\/#website","url":"https:\/\/www.kinanen.fi\/kurssikeskus\/","name":"Kurssikeskus Kinanen","description":"innostava arki hyvinvoinnin perustana!","publisher":{"@id":"https:\/\/www.kinanen.fi\/kurssikeskus\/#\/schema\/person\/d6c77a570fe4c97c85fc540be039951e"},"potentialAction":[{"@type":"SearchAction","target":{"@type":"EntryPoint","urlTemplate":"https:\/\/www.kinanen.fi\/kurssikeskus\/?s={search_term_string}"},"query-input":{"@type":"PropertyValueSpecification","valueRequired":true,"valueName":"search_term_string"}}],"inLanguage":"fi"},{"@type":["Person","Organization"],"@id":"https:\/\/www.kinanen.fi\/kurssikeskus\/#\/schema\/person\/d6c77a570fe4c97c85fc540be039951e","name":"Mare","image":{"@type":"ImageObject","inLanguage":"fi","@id":"https:\/\/www.kinanen.fi\/kurssikeskus\/wp-content\/uploads\/2023\/11\/Mare2018-1.jpeg","url":"https:\/\/www.kinanen.fi\/kurssikeskus\/wp-content\/uploads\/2023\/11\/Mare2018-1.jpeg","contentUrl":"https:\/\/www.kinanen.fi\/kurssikeskus\/wp-content\/uploads\/2023\/11\/Mare2018-1.jpeg","width":600,"height":690,"caption":"Mare"},"logo":{"@id":"https:\/\/www.kinanen.fi\/kurssikeskus\/wp-content\/uploads\/2023\/11\/Mare2018-1.jpeg"},"sameAs":["https:\/\/www.kinanen.fi\/kurssikeskus\/","https:\/\/www.facebook.com\/mkinanen","https:\/\/www.instagram.com\/mkinanen\/","https:\/\/www.linkedin.com\/in\/mare-kinanen-936635250\/"]}]}},"_links":{"self":[{"href":"https:\/\/www.kinanen.fi\/kurssikeskus\/wp-json\/wp\/v2\/pages\/2705","targetHints":{"allow":["GET"]}}],"collection":[{"href":"https:\/\/www.kinanen.fi\/kurssikeskus\/wp-json\/wp\/v2\/pages"}],"about":[{"href":"https:\/\/www.kinanen.fi\/kurssikeskus\/wp-json\/wp\/v2\/types\/page"}],"author":[{"embeddable":true,"href":"https:\/\/www.kinanen.fi\/kurssikeskus\/wp-json\/wp\/v2\/users\/3"}],"replies":[{"embeddable":true,"href":"https:\/\/www.kinanen.fi\/kurssikeskus\/wp-json\/wp\/v2\/comments?post=2705"}],"version-history":[{"count":10,"href":"https:\/\/www.kinanen.fi\/kurssikeskus\/wp-json\/wp\/v2\/pages\/2705\/revisions"}],"predecessor-version":[{"id":2719,"href":"https:\/\/www.kinanen.fi\/kurssikeskus\/wp-json\/wp\/v2\/pages\/2705\/revisions\/2719"}],"wp:attachment":[{"href":"https:\/\/www.kinanen.fi\/kurssikeskus\/wp-json\/wp\/v2\/media?parent=2705"}],"curies":[{"name":"wp","href":"https:\/\/api.w.org\/{rel}","templated":true}]}}