{"id":2750,"date":"2026-02-28T09:20:15","date_gmt":"2026-02-28T07:20:15","guid":{"rendered":"https:\/\/www.kinanen.fi\/kurssikeskus\/?page_id=2750"},"modified":"2026-02-28T09:23:17","modified_gmt":"2026-02-28T07:23:17","slug":"tsemppi-valmennukset","status":"publish","type":"page","link":"https:\/\/www.kinanen.fi\/kurssikeskus\/tsemppi-valmennukset\/","title":{"rendered":"Tsemppi-valmennukset 2026"},"content":{"rendered":"\n<p>Tsemppi-valmennukset 2026 on alkavat eri puolilla Helsinki\u00e4. Parhaillaan kootaan kev\u00e4\u00e4n ryhmi\u00e4. Poimi omasi ja ilmoittaudu mukaan! T\u00e4ss\u00e4 yhteydess\u00e4 n\u00e4kyy yhteyshenkil\u00f6iden s\u00e4hk\u00f6postiosoitteet. Jos haluat puhelinnumeron, niin laita minulle viesti\u00e4. Saat se paluupostissa. <\/p>\n\n\n\n<p>Valmennus on maksuton mahdollsuus pys\u00e4hty\u00e4 miettim\u00e4\u00e4n omaa tilannettaan ohjatusti.<\/p>\n\n\n\n<h2 class=\"wp-block-heading\">Alkavat ryhm\u00e4t<\/h2>\n\n\n\n<p>Voit ilmoittautua mihin tahansa ryhmist\u00e4, riippumatta asuinpaikastasi. Ryhm\u00e4t toteutuvat kaikki Helsingiss\u00e4.<\/p>\n\n\n\n<h3 class=\"wp-block-heading\">Paavalinkirkon Varustamo<\/h3>\n\n\n\n<p>Paavalinkirkon Varustamo, Sammatintie 5<\/p>\n\n\n\n<p>Kahdeksana tiistaina klo 9.30-12, v\u00e4lill\u00e4 10.3. &#8211; 5.5.<\/p>\n\n\n\n<p>Yhteyshenkil\u00f6 Kimmo Kajos,  kimmo.kajos @ evl.fi (poista v\u00e4lily\u00f6nnit)<\/p>\n\n\n\n<h3 class=\"wp-block-heading\">Malmin Varustamo<\/h3>\n\n\n\n<p>Malmin Varustamo, Pekanraitti 16<\/p>\n\n\n\n<p>Kuutena tiistaina klo 12-15, v\u00e4lill\u00e4 14.4. &#8211; 19.5.<\/p>\n\n\n\n<p>Yhteyshenkil\u00f6t ajalla 2.- 6.3. Tarja Kuha, tarja.kuha @ evl.fi (poista v\u00e4lily\u00f6nnit)<\/p>\n\n\n\n<p>ajalla 9. &#8211; 13.3. Heidi Rajam\u00e4ki, heidi.rajamaki @ evl.fi (poista v\u00e4lily\u00f6nnit)<\/p>\n\n\n\n<h3 class=\"wp-block-heading\">Vihre\u00e4 Keidas<\/h3>\n\n\n\n<p>Vihre\u00e4 Keidas, Vilhovuorenkatu 7-9<\/p>\n\n\n\n<p>Seitsem\u00e4n\u00e4 keskiviikkona v\u00e4lill\u00e4 1.4. &#8211; 13.5.<\/p>\n\n\n\n<p>Yhteyshenkil\u00f6t<\/p>\n\n\n\n<p>Anu Kuokkanen\/Stadin safka, anu.kuokkanen @ evl.fi (poista v\u00e4lily\u00f6nnit)<\/p>\n\n\n\n<p>Rudolf Redlin\/Vihre\u00e4 Keidas,  rudolf.redlin @ vihreakeidas.fi (poista v\u00e4lily\u00f6nnit)<\/p>\n\n\n\n<figure class=\"wp-block-image aligncenter size-full\"><img fetchpriority=\"high\" decoding=\"async\" width=\"600\" height=\"725\" src=\"https:\/\/www.kinanen.fi\/kurssikeskus\/wp-content\/uploads\/Tsemppi-1.jpeg\" alt=\"Tsemppi-valmennuksen mainos jossa teksti: Ev\u00e4it\u00e4 arjen hyvinvointiin ja valmiuksia kohti ty\u00f6el\u00e4m\u00e4\u00e4 tai opintoja. Profiilin linkist\u00e4 lis\u00e4\u00e4.\" class=\"wp-image-2456\" srcset=\"https:\/\/www.kinanen.fi\/kurssikeskus\/wp-content\/uploads\/Tsemppi-1.jpeg 600w, https:\/\/www.kinanen.fi\/kurssikeskus\/wp-content\/uploads\/Tsemppi-1-248x300.jpeg 248w\" sizes=\"(max-width: 600px) 100vw, 600px\" \/><figcaption class=\"wp-element-caption\">Tsemppi-valmennuksesta lis\u00e4\u00e4 Instagramissa @virtaa_varustamoista profiilin linkin kautta.<\/figcaption><\/figure>\n\n\n\n<h2 class=\"wp-block-heading\">Muualla kirjoitettua<\/h2>\n\n\n\n<p><a href=\"https:\/\/www.helsinginseurakunnat.fi\/sisaltokeskus\/ryhmatoimintajamatalankynnyksenpalveluthankkeessa.html.stx\" target=\"_blank\" rel=\"noreferrer noopener\">Tsemppi-valmennukset<\/a><\/p>\n\n\n\n<p><a href=\"https:\/\/www.youtube.com\/watch?v=0Eb45O2iUXw&amp;t=1s\" target=\"_blank\" rel=\"noreferrer noopener\">Tsemppi-valmennus webinaari<\/a><\/p>\n\n\n\n<p><a href=\"https:\/\/www.kirkkojakaupunki.fi\/-\/tai-tsemppi-valmennus-kirkasti-leenalle-mika-on-hanelle-tyoelamassa-merkityksellista\" target=\"_blank\" rel=\"noreferrer noopener\">Juttu Tsemppi-valmennuksesta<\/a><\/p>\n\n\n\n<h2 class=\"wp-block-heading\">Blogissa kirjoitettua<\/h2>\n\n\n\n<p><a href=\"https:\/\/www.kinanen.fi\/kurssikeskus\/tsemppi-valmennukset-alkavat\/\" target=\"_blank\" rel=\"noreferrer noopener\">Tsemppi-valmennus<\/a><\/p>\n\n\n\n<p><a href=\"https:\/\/www.kinanen.fi\/kurssikeskus\/haasteita-vai-mahdollisuuksia\/\" target=\"_blank\" rel=\"noreferrer noopener\">Haasteita vai mahdollisuuksia<\/a><\/p>\n\n\n\n<p><\/p>\n","protected":false},"excerpt":{"rendered":"<p>Tsemppi-valmennukset 2026 on alkavat eri puolilla Helsinki\u00e4. Parhaillaan kootaan kev\u00e4\u00e4n ryhmi\u00e4. Poimi omasi ja ilmoittaudu mukaan! T\u00e4ss\u00e4 yhteydess\u00e4 n\u00e4kyy yhteyshenkil\u00f6iden s\u00e4hk\u00f6postiosoitteet. Jos haluat puhelinnumeron, niin laita minulle viesti\u00e4. Saat se paluupostissa. Valmennus on maksuton mahdollsuus pys\u00e4hty\u00e4 miettim\u00e4\u00e4n omaa tilannettaan ohjatusti. Alkavat ryhm\u00e4t Voit ilmoittautua mihin tahansa ryhmist\u00e4, riippumatta asuinpaikastasi. Ryhm\u00e4t toteutuvat kaikki Helsingiss\u00e4. Paavalinkirkon Varustamo [&hellip;]<\/p>\n","protected":false},"author":3,"featured_media":0,"parent":0,"menu_order":0,"comment_status":"closed","ping_status":"closed","template":"","meta":{"footnotes":""},"class_list":["post-2750","page","type-page","status-publish","hentry"],"yoast_head":"<!-- This site is optimized with the Yoast SEO plugin v27.4 - https:\/\/yoast.com\/product\/yoast-seo-wordpress\/ -->\n<title>Tsemppi-valmennukset 2026 - Kurssikeskus Kinanen<\/title>\n<meta name=\"description\" content=\"Tsemppi-valmennukset 2026 on alkavat eri puolilla Helsinki\u00e4. Parhaillaan kootaan kev\u00e4\u00e4n ryhmi\u00e4. Poimi omasi ja ilmoittaudu mukaan!\" \/>\n<meta name=\"robots\" content=\"index, follow, max-snippet:-1, max-image-preview:large, max-video-preview:-1\" \/>\n<link rel=\"canonical\" href=\"https:\/\/www.kinanen.fi\/kurssikeskus\/tsemppi-valmennukset\/\" \/>\n<meta property=\"og:locale\" content=\"fi_FI\" \/>\n<meta property=\"og:type\" content=\"article\" \/>\n<meta property=\"og:title\" content=\"Tsemppi-valmennukset 2026 - Kurssikeskus Kinanen\" \/>\n<meta property=\"og:description\" content=\"Tsemppi-valmennukset 2026 on alkavat eri puolilla Helsinki\u00e4. Parhaillaan kootaan kev\u00e4\u00e4n ryhmi\u00e4. Poimi omasi ja ilmoittaudu mukaan!\" \/>\n<meta property=\"og:url\" content=\"https:\/\/www.kinanen.fi\/kurssikeskus\/tsemppi-valmennukset\/\" \/>\n<meta property=\"og:site_name\" content=\"Kurssikeskus Kinanen\" \/>\n<meta property=\"article:publisher\" content=\"https:\/\/www.facebook.com\/mkinanen\" \/>\n<meta property=\"article:modified_time\" content=\"2026-02-28T07:23:17+00:00\" \/>\n<meta property=\"og:image\" content=\"https:\/\/www.kinanen.fi\/kurssikeskus\/wp-content\/uploads\/Tsemppi-1.jpeg\" \/>\n\t<meta property=\"og:image:width\" content=\"600\" \/>\n\t<meta property=\"og:image:height\" content=\"725\" \/>\n\t<meta property=\"og:image:type\" content=\"image\/jpeg\" \/>\n<meta name=\"twitter:card\" content=\"summary_large_image\" \/>\n<meta name=\"twitter:label1\" content=\"Arvioitu lukuaika\" \/>\n\t<meta name=\"twitter:data1\" content=\"2 minuuttia\" \/>\n<script type=\"application\/ld+json\" class=\"yoast-schema-graph\">{\"@context\":\"https:\\\/\\\/schema.org\",\"@graph\":[{\"@type\":\"WebPage\",\"@id\":\"https:\\\/\\\/www.kinanen.fi\\\/kurssikeskus\\\/tsemppi-valmennukset\\\/\",\"url\":\"https:\\\/\\\/www.kinanen.fi\\\/kurssikeskus\\\/tsemppi-valmennukset\\\/\",\"name\":\"Tsemppi-valmennukset 2026 - Kurssikeskus Kinanen\",\"isPartOf\":{\"@id\":\"https:\\\/\\\/www.kinanen.fi\\\/kurssikeskus\\\/#website\"},\"primaryImageOfPage\":{\"@id\":\"https:\\\/\\\/www.kinanen.fi\\\/kurssikeskus\\\/tsemppi-valmennukset\\\/#primaryimage\"},\"image\":{\"@id\":\"https:\\\/\\\/www.kinanen.fi\\\/kurssikeskus\\\/tsemppi-valmennukset\\\/#primaryimage\"},\"thumbnailUrl\":\"https:\\\/\\\/www.kinanen.fi\\\/kurssikeskus\\\/wp-content\\\/uploads\\\/Tsemppi-1.jpeg\",\"datePublished\":\"2026-02-28T07:20:15+00:00\",\"dateModified\":\"2026-02-28T07:23:17+00:00\",\"description\":\"Tsemppi-valmennukset 2026 on alkavat eri puolilla Helsinki\u00e4. Parhaillaan kootaan kev\u00e4\u00e4n ryhmi\u00e4. Poimi omasi ja ilmoittaudu mukaan!\",\"breadcrumb\":{\"@id\":\"https:\\\/\\\/www.kinanen.fi\\\/kurssikeskus\\\/tsemppi-valmennukset\\\/#breadcrumb\"},\"inLanguage\":\"fi\",\"potentialAction\":[{\"@type\":\"ReadAction\",\"target\":[\"https:\\\/\\\/www.kinanen.fi\\\/kurssikeskus\\\/tsemppi-valmennukset\\\/\"]}]},{\"@type\":\"ImageObject\",\"inLanguage\":\"fi\",\"@id\":\"https:\\\/\\\/www.kinanen.fi\\\/kurssikeskus\\\/tsemppi-valmennukset\\\/#primaryimage\",\"url\":\"https:\\\/\\\/www.kinanen.fi\\\/kurssikeskus\\\/wp-content\\\/uploads\\\/Tsemppi-1.jpeg\",\"contentUrl\":\"https:\\\/\\\/www.kinanen.fi\\\/kurssikeskus\\\/wp-content\\\/uploads\\\/Tsemppi-1.jpeg\",\"width\":600,\"height\":725,\"caption\":\"Screenshot\"},{\"@type\":\"BreadcrumbList\",\"@id\":\"https:\\\/\\\/www.kinanen.fi\\\/kurssikeskus\\\/tsemppi-valmennukset\\\/#breadcrumb\",\"itemListElement\":[{\"@type\":\"ListItem\",\"position\":1,\"name\":\"Etusivu\",\"item\":\"https:\\\/\\\/www.kinanen.fi\\\/kurssikeskus\\\/\"},{\"@type\":\"ListItem\",\"position\":2,\"name\":\"Tsemppi-valmennukset 2026\"}]},{\"@type\":\"WebSite\",\"@id\":\"https:\\\/\\\/www.kinanen.fi\\\/kurssikeskus\\\/#website\",\"url\":\"https:\\\/\\\/www.kinanen.fi\\\/kurssikeskus\\\/\",\"name\":\"Kurssikeskus Kinanen\",\"description\":\"innostava arki hyvinvoinnin perustana!\",\"publisher\":{\"@id\":\"https:\\\/\\\/www.kinanen.fi\\\/kurssikeskus\\\/#\\\/schema\\\/person\\\/d6c77a570fe4c97c85fc540be039951e\"},\"potentialAction\":[{\"@type\":\"SearchAction\",\"target\":{\"@type\":\"EntryPoint\",\"urlTemplate\":\"https:\\\/\\\/www.kinanen.fi\\\/kurssikeskus\\\/?s={search_term_string}\"},\"query-input\":{\"@type\":\"PropertyValueSpecification\",\"valueRequired\":true,\"valueName\":\"search_term_string\"}}],\"inLanguage\":\"fi\"},{\"@type\":[\"Person\",\"Organization\"],\"@id\":\"https:\\\/\\\/www.kinanen.fi\\\/kurssikeskus\\\/#\\\/schema\\\/person\\\/d6c77a570fe4c97c85fc540be039951e\",\"name\":\"Mare\",\"image\":{\"@type\":\"ImageObject\",\"inLanguage\":\"fi\",\"@id\":\"https:\\\/\\\/www.kinanen.fi\\\/kurssikeskus\\\/wp-content\\\/uploads\\\/2023\\\/11\\\/Mare2018-1.jpeg\",\"url\":\"https:\\\/\\\/www.kinanen.fi\\\/kurssikeskus\\\/wp-content\\\/uploads\\\/2023\\\/11\\\/Mare2018-1.jpeg\",\"contentUrl\":\"https:\\\/\\\/www.kinanen.fi\\\/kurssikeskus\\\/wp-content\\\/uploads\\\/2023\\\/11\\\/Mare2018-1.jpeg\",\"width\":600,\"height\":690,\"caption\":\"Mare\"},\"logo\":{\"@id\":\"https:\\\/\\\/www.kinanen.fi\\\/kurssikeskus\\\/wp-content\\\/uploads\\\/2023\\\/11\\\/Mare2018-1.jpeg\"},\"sameAs\":[\"https:\\\/\\\/www.kinanen.fi\\\/kurssikeskus\\\/\",\"https:\\\/\\\/www.facebook.com\\\/mkinanen\",\"https:\\\/\\\/www.instagram.com\\\/mkinanen\\\/\",\"https:\\\/\\\/www.linkedin.com\\\/in\\\/mare-kinanen-936635250\\\/\"]}]}<\/script>\n<!-- \/ Yoast SEO plugin. -->","yoast_head_json":{"title":"Tsemppi-valmennukset 2026 - Kurssikeskus Kinanen","description":"Tsemppi-valmennukset 2026 on alkavat eri puolilla Helsinki\u00e4. Parhaillaan kootaan kev\u00e4\u00e4n ryhmi\u00e4. Poimi omasi ja ilmoittaudu mukaan!","robots":{"index":"index","follow":"follow","max-snippet":"max-snippet:-1","max-image-preview":"max-image-preview:large","max-video-preview":"max-video-preview:-1"},"canonical":"https:\/\/www.kinanen.fi\/kurssikeskus\/tsemppi-valmennukset\/","og_locale":"fi_FI","og_type":"article","og_title":"Tsemppi-valmennukset 2026 - Kurssikeskus Kinanen","og_description":"Tsemppi-valmennukset 2026 on alkavat eri puolilla Helsinki\u00e4. Parhaillaan kootaan kev\u00e4\u00e4n ryhmi\u00e4. Poimi omasi ja ilmoittaudu mukaan!","og_url":"https:\/\/www.kinanen.fi\/kurssikeskus\/tsemppi-valmennukset\/","og_site_name":"Kurssikeskus Kinanen","article_publisher":"https:\/\/www.facebook.com\/mkinanen","article_modified_time":"2026-02-28T07:23:17+00:00","og_image":[{"width":600,"height":725,"url":"https:\/\/www.kinanen.fi\/kurssikeskus\/wp-content\/uploads\/Tsemppi-1.jpeg","type":"image\/jpeg"}],"twitter_card":"summary_large_image","twitter_misc":{"Arvioitu lukuaika":"2 minuuttia"},"schema":{"@context":"https:\/\/schema.org","@graph":[{"@type":"WebPage","@id":"https:\/\/www.kinanen.fi\/kurssikeskus\/tsemppi-valmennukset\/","url":"https:\/\/www.kinanen.fi\/kurssikeskus\/tsemppi-valmennukset\/","name":"Tsemppi-valmennukset 2026 - Kurssikeskus Kinanen","isPartOf":{"@id":"https:\/\/www.kinanen.fi\/kurssikeskus\/#website"},"primaryImageOfPage":{"@id":"https:\/\/www.kinanen.fi\/kurssikeskus\/tsemppi-valmennukset\/#primaryimage"},"image":{"@id":"https:\/\/www.kinanen.fi\/kurssikeskus\/tsemppi-valmennukset\/#primaryimage"},"thumbnailUrl":"https:\/\/www.kinanen.fi\/kurssikeskus\/wp-content\/uploads\/Tsemppi-1.jpeg","datePublished":"2026-02-28T07:20:15+00:00","dateModified":"2026-02-28T07:23:17+00:00","description":"Tsemppi-valmennukset 2026 on alkavat eri puolilla Helsinki\u00e4. Parhaillaan kootaan kev\u00e4\u00e4n ryhmi\u00e4. Poimi omasi ja ilmoittaudu mukaan!","breadcrumb":{"@id":"https:\/\/www.kinanen.fi\/kurssikeskus\/tsemppi-valmennukset\/#breadcrumb"},"inLanguage":"fi","potentialAction":[{"@type":"ReadAction","target":["https:\/\/www.kinanen.fi\/kurssikeskus\/tsemppi-valmennukset\/"]}]},{"@type":"ImageObject","inLanguage":"fi","@id":"https:\/\/www.kinanen.fi\/kurssikeskus\/tsemppi-valmennukset\/#primaryimage","url":"https:\/\/www.kinanen.fi\/kurssikeskus\/wp-content\/uploads\/Tsemppi-1.jpeg","contentUrl":"https:\/\/www.kinanen.fi\/kurssikeskus\/wp-content\/uploads\/Tsemppi-1.jpeg","width":600,"height":725,"caption":"Screenshot"},{"@type":"BreadcrumbList","@id":"https:\/\/www.kinanen.fi\/kurssikeskus\/tsemppi-valmennukset\/#breadcrumb","itemListElement":[{"@type":"ListItem","position":1,"name":"Etusivu","item":"https:\/\/www.kinanen.fi\/kurssikeskus\/"},{"@type":"ListItem","position":2,"name":"Tsemppi-valmennukset 2026"}]},{"@type":"WebSite","@id":"https:\/\/www.kinanen.fi\/kurssikeskus\/#website","url":"https:\/\/www.kinanen.fi\/kurssikeskus\/","name":"Kurssikeskus Kinanen","description":"innostava arki hyvinvoinnin perustana!","publisher":{"@id":"https:\/\/www.kinanen.fi\/kurssikeskus\/#\/schema\/person\/d6c77a570fe4c97c85fc540be039951e"},"potentialAction":[{"@type":"SearchAction","target":{"@type":"EntryPoint","urlTemplate":"https:\/\/www.kinanen.fi\/kurssikeskus\/?s={search_term_string}"},"query-input":{"@type":"PropertyValueSpecification","valueRequired":true,"valueName":"search_term_string"}}],"inLanguage":"fi"},{"@type":["Person","Organization"],"@id":"https:\/\/www.kinanen.fi\/kurssikeskus\/#\/schema\/person\/d6c77a570fe4c97c85fc540be039951e","name":"Mare","image":{"@type":"ImageObject","inLanguage":"fi","@id":"https:\/\/www.kinanen.fi\/kurssikeskus\/wp-content\/uploads\/2023\/11\/Mare2018-1.jpeg","url":"https:\/\/www.kinanen.fi\/kurssikeskus\/wp-content\/uploads\/2023\/11\/Mare2018-1.jpeg","contentUrl":"https:\/\/www.kinanen.fi\/kurssikeskus\/wp-content\/uploads\/2023\/11\/Mare2018-1.jpeg","width":600,"height":690,"caption":"Mare"},"logo":{"@id":"https:\/\/www.kinanen.fi\/kurssikeskus\/wp-content\/uploads\/2023\/11\/Mare2018-1.jpeg"},"sameAs":["https:\/\/www.kinanen.fi\/kurssikeskus\/","https:\/\/www.facebook.com\/mkinanen","https:\/\/www.instagram.com\/mkinanen\/","https:\/\/www.linkedin.com\/in\/mare-kinanen-936635250\/"]}]}},"_links":{"self":[{"href":"https:\/\/www.kinanen.fi\/kurssikeskus\/wp-json\/wp\/v2\/pages\/2750","targetHints":{"allow":["GET"]}}],"collection":[{"href":"https:\/\/www.kinanen.fi\/kurssikeskus\/wp-json\/wp\/v2\/pages"}],"about":[{"href":"https:\/\/www.kinanen.fi\/kurssikeskus\/wp-json\/wp\/v2\/types\/page"}],"author":[{"embeddable":true,"href":"https:\/\/www.kinanen.fi\/kurssikeskus\/wp-json\/wp\/v2\/users\/3"}],"replies":[{"embeddable":true,"href":"https:\/\/www.kinanen.fi\/kurssikeskus\/wp-json\/wp\/v2\/comments?post=2750"}],"version-history":[{"count":4,"href":"https:\/\/www.kinanen.fi\/kurssikeskus\/wp-json\/wp\/v2\/pages\/2750\/revisions"}],"predecessor-version":[{"id":2756,"href":"https:\/\/www.kinanen.fi\/kurssikeskus\/wp-json\/wp\/v2\/pages\/2750\/revisions\/2756"}],"wp:attachment":[{"href":"https:\/\/www.kinanen.fi\/kurssikeskus\/wp-json\/wp\/v2\/media?parent=2750"}],"curies":[{"name":"wp","href":"https:\/\/api.w.org\/{rel}","templated":true}]}}