{"id":2,"date":"2020-04-11T12:12:12","date_gmt":"2020-04-11T12:12:12","guid":{"rendered":"http:\/\/legotestamentti.kinanen.fi\/?page_id=2"},"modified":"2024-03-15T15:09:51","modified_gmt":"2024-03-15T15:09:51","slug":"about","status":"publish","type":"page","link":"https:\/\/www.kinanen.fi\/legotestamentti\/about\/","title":{"rendered":"Legotestamentti"},"content":{"rendered":"\t\t<div data-elementor-type=\"wp-page\" data-elementor-id=\"2\" class=\"elementor elementor-2\" data-elementor-post-type=\"page\">\n\t\t\t\t<div class=\"elementor-element elementor-element-2c9a8165 e-flex e-con-boxed e-con e-parent\" data-id=\"2c9a8165\" data-element_type=\"container\" data-e-type=\"container\">\n\t\t\t\t\t<div class=\"e-con-inner\">\n\t\t\t\t<div class=\"elementor-element elementor-element-4810698 elementor-widget elementor-widget-heading\" data-id=\"4810698\" data-element_type=\"widget\" data-e-type=\"widget\" data-widget_type=\"heading.default\">\n\t\t\t\t<div class=\"elementor-widget-container\">\n\t\t\t\t\t<h2 class=\"elementor-heading-title elementor-size-default\">Evankeliumi palikoiden mukaan<\/h2>\t\t\t\t<\/div>\n\t\t\t\t<\/div>\n\t\t\t\t<div class=\"elementor-element elementor-element-ba21c74 elementor-widget elementor-widget-image\" data-id=\"ba21c74\" data-element_type=\"widget\" data-e-type=\"widget\" data-widget_type=\"image.default\">\n\t\t\t\t<div class=\"elementor-widget-container\">\n\t\t\t\t\t\t\t\t\t\t\t\t\t\t\t<img fetchpriority=\"high\" decoding=\"async\" width=\"768\" height=\"768\" src=\"https:\/\/www.kinanen.fi\/legotestamentti\/wp-content\/uploads\/2024\/03\/aterialla-2048x2048-1-768x768.png\" class=\"attachment-medium_large size-medium_large wp-image-282\" alt=\"\" srcset=\"https:\/\/www.kinanen.fi\/legotestamentti\/wp-content\/uploads\/2024\/03\/aterialla-2048x2048-1-768x768.png 768w, https:\/\/www.kinanen.fi\/legotestamentti\/wp-content\/uploads\/2024\/03\/aterialla-2048x2048-1-300x300.png 300w, https:\/\/www.kinanen.fi\/legotestamentti\/wp-content\/uploads\/2024\/03\/aterialla-2048x2048-1-1024x1024.png 1024w, https:\/\/www.kinanen.fi\/legotestamentti\/wp-content\/uploads\/2024\/03\/aterialla-2048x2048-1-150x150.png 150w, https:\/\/www.kinanen.fi\/legotestamentti\/wp-content\/uploads\/2024\/03\/aterialla-2048x2048-1-1536x1536.png 1536w, https:\/\/www.kinanen.fi\/legotestamentti\/wp-content\/uploads\/2024\/03\/aterialla-2048x2048-1.png 2048w\" sizes=\"(max-width: 768px) 100vw, 768px\" \/>\t\t\t\t\t\t\t\t\t\t\t\t\t\t\t<\/div>\n\t\t\t\t<\/div>\n\t\t\t\t<div class=\"elementor-element elementor-element-58b5c6c elementor-widget elementor-widget-text-editor\" data-id=\"58b5c6c\" data-element_type=\"widget\" data-e-type=\"widget\" data-widget_type=\"text-editor.default\">\n\t\t\t\t<div class=\"elementor-widget-container\">\n\t\t\t\t\t\t\t\t\t<p><\/p>\n<p>Legotestamentti on allekirjoittaneen harrastus. L\u00f6ydetty\u00e4ni The Brick Testament -sivuston innostuin tekem\u00e4\u00e4n legoilla my\u00f6s suomalaista versiota raamatusta, tuosta kirjojen kirjasta. Harrastuksessa yhdistyy useampi harrastukseni kuten valokuvaus ja oikeastaan my\u00f6s ty\u00f6ni lasten ja nuorten parissa. Rouvani harrastaa nukkekoteja. Niinp\u00e4 aikuiset lapsemme ovat sanoneet, ett\u00e4 &#8221;<i>miten t\u00e4ss\u00e4 aikuistuu kun \u00e4iti leikkii nukkekodeilla ja is\u00e4 legoilla.<\/i>&#8221; Leikki kuuluu kaikenik\u00e4isille ja maailma muuttuu kovin totiseksi ilman sit\u00e4.<\/p>\n<p><\/p>\n<p><\/p>\n<p>Legot ovat lasten muotokielt\u00e4. Jo vuosikymmeni\u00e4 ovat lapset p\u00e4\u00e4st\u00e4neet mielikuvituksensa valloilleen rakennellen tanskalaisella keksinn\u00f6ll\u00e4. He ovat &#8221;leikkineet hyvin&#8221; eli &#8221;Legt God&#8221; tanskaksi, josta n\u00e4iden muovipalikoiden nimi tulee.<\/p>\n<p><\/p>\n<p><\/p>\n<p>Lego-yhti\u00f6 ei ole mitenk\u00e4\u00e4n osallisena t\u00e4h\u00e4n rakenteluun muutoin kuin ett\u00e4 k\u00e4yt\u00e4n heid\u00e4n hienoja tuotteitaan. Lego ei sponsoroi eik\u00e4 tue sivustoa mitenk\u00e4\u00e4n. Sivusto on ei-kaupallinen. Sen kuvia ja tarinoita saa k\u00e4ytt\u00e4\u00e4 l\u00e4hde mainiten. Lego -tavaramerkki on Lego-yhti\u00f6n omistuksessa.<\/p>\n<p><\/p>\n<p><\/p>\n<p>Toivottavasti viihdyt n\u00e4iden kertomuksien parissa ja innostut my\u00f6s tekem\u00e4\u00e4n omia versioitasi.<\/p>\n<p><\/p>\n<p><\/p>\n<p>Juha Kinanen<\/p>\n<p><\/p>\t\t\t\t\t\t\t\t<\/div>\n\t\t\t\t<\/div>\n\t\t\t\t\t<\/div>\n\t\t\t\t<\/div>\n\t\t\t\t<\/div>\n\t\t","protected":false},"excerpt":{"rendered":"<p>Evankeliumi palikoiden mukaan Legotestamentti on allekirjoittaneen harrastus. L\u00f6ydetty\u00e4ni The Brick Testament -sivuston innostuin tekem\u00e4\u00e4n legoilla my\u00f6s suomalaista versiota raamatusta, tuosta kirjojen kirjasta. Harrastuksessa yhdistyy useampi harrastukseni kuten valokuvaus ja oikeastaan my\u00f6s ty\u00f6ni lasten ja nuorten parissa. Rouvani harrastaa nukkekoteja. Niinp\u00e4 aikuiset lapsemme ovat sanoneet, ett\u00e4 &#8221;miten t\u00e4ss\u00e4 aikuistuu kun \u00e4iti leikkii nukkekodeilla ja is\u00e4 legoilla.&#8221; [&hellip;]<\/p>\n","protected":false},"author":1,"featured_media":0,"parent":0,"menu_order":0,"comment_status":"open","ping_status":"open","template":"","meta":{"footnotes":""},"class_list":["post-2","page","type-page","status-publish","hentry"],"_links":{"self":[{"href":"https:\/\/www.kinanen.fi\/legotestamentti\/wp-json\/wp\/v2\/pages\/2","targetHints":{"allow":["GET"]}}],"collection":[{"href":"https:\/\/www.kinanen.fi\/legotestamentti\/wp-json\/wp\/v2\/pages"}],"about":[{"href":"https:\/\/www.kinanen.fi\/legotestamentti\/wp-json\/wp\/v2\/types\/page"}],"author":[{"embeddable":true,"href":"https:\/\/www.kinanen.fi\/legotestamentti\/wp-json\/wp\/v2\/users\/1"}],"replies":[{"embeddable":true,"href":"https:\/\/www.kinanen.fi\/legotestamentti\/wp-json\/wp\/v2\/comments?post=2"}],"version-history":[{"count":7,"href":"https:\/\/www.kinanen.fi\/legotestamentti\/wp-json\/wp\/v2\/pages\/2\/revisions"}],"predecessor-version":[{"id":685,"href":"https:\/\/www.kinanen.fi\/legotestamentti\/wp-json\/wp\/v2\/pages\/2\/revisions\/685"}],"wp:attachment":[{"href":"https:\/\/www.kinanen.fi\/legotestamentti\/wp-json\/wp\/v2\/media?parent=2"}],"curies":[{"name":"wp","href":"https:\/\/api.w.org\/{rel}","templated":true}]}}