{"id":74,"date":"2021-04-04T10:37:41","date_gmt":"2021-04-04T10:37:41","guid":{"rendered":"http:\/\/legotestamentti.kinanen.fi\/?page_id=74"},"modified":"2024-03-15T15:00:21","modified_gmt":"2024-03-15T15:00:21","slug":"viimeinen-ehtoollinen","status":"publish","type":"page","link":"https:\/\/www.kinanen.fi\/legotestamentti\/viimeinen-ehtoollinen\/","title":{"rendered":"Viimeinen ehtoollinen"},"content":{"rendered":"\t\t<div data-elementor-type=\"wp-page\" data-elementor-id=\"74\" class=\"elementor elementor-74\" data-elementor-post-type=\"page\">\n\t\t\t\t<div class=\"elementor-element elementor-element-50bc494d e-flex e-con-boxed e-con e-parent\" data-id=\"50bc494d\" data-element_type=\"container\" data-e-type=\"container\">\n\t\t\t\t\t<div class=\"e-con-inner\">\n\t\t\t\t<div class=\"elementor-element elementor-element-f78aa9c elementor-widget elementor-widget-heading\" data-id=\"f78aa9c\" data-element_type=\"widget\" data-e-type=\"widget\" data-widget_type=\"heading.default\">\n\t\t\t\t<div class=\"elementor-widget-container\">\n\t\t\t\t\t<h2 class=\"elementor-heading-title elementor-size-default\">Ehtoollinen yl\u00e4salissa<\/h2>\t\t\t\t<\/div>\n\t\t\t\t<\/div>\n\t\t\t\t<div class=\"elementor-element elementor-element-7b62e055 elementor-widget elementor-widget-text-editor\" data-id=\"7b62e055\" data-element_type=\"widget\" data-e-type=\"widget\" data-widget_type=\"text-editor.default\">\n\t\t\t\t<div class=\"elementor-widget-container\">\n\t\t\t\t\t\t\t\t\t\n<figure class=\"wp-block-image size-large\"><a href=\"http:\/\/legotestamentti.kinanen.fi\/wp-content\/uploads\/2021\/04\/viimeinen_ehtoollinen_001b.jpg\"><img decoding=\"async\" src=\"http:\/\/legotestamentti.kinanen.fi\/wp-content\/uploads\/2021\/04\/viimeinen_ehtoollinen_001b-1024x1024.jpg\" alt=\"Jeesus puhuu kahdelle opetuslapselle\" class=\"wp-image-75\"\/><\/a><\/figure>\n\n\n\n<p><strong>P\u00e4\u00e4si\u00e4isaterian valmistelu<\/strong><\/p>\n\n\n\n<p>Sitten tuli se happamattoman leiv\u00e4n p\u00e4iv\u00e4, jona p\u00e4\u00e4si\u00e4islammas oli teurastettava. Jeesus l\u00e4hetti Pietarin ja Johanneksen kaupunkiin ja sanoi heille: \u00bbMenk\u00e4\u00e4 valmistamaan meille p\u00e4\u00e4si\u00e4isateria.\u00bb He kysyiv\u00e4t: \u00bbMinne tahdot meid\u00e4n valmistavan sen?\u00bb H\u00e4n sanoi: \u00bbKun tulette kaupunkiin, teit\u00e4 vastaan tulee vesiruukkua kantava mies. Seuratkaa h\u00e4nt\u00e4. <\/p>\n\n\n\n<p><\/p>\n\n\n\n<figure class=\"wp-block-image size-large\"><a href=\"http:\/\/legotestamentti.kinanen.fi\/wp-content\/uploads\/2021\/04\/viimeinen_ehtoollinen_004b.jpg\"><img decoding=\"async\" src=\"http:\/\/legotestamentti.kinanen.fi\/wp-content\/uploads\/2021\/04\/viimeinen_ehtoollinen_004b-1024x1024.jpg\" alt=\"Opetuslapset seuraavat ruukkua kantavaa miest\u00e4\" class=\"wp-image-77\"\/><\/a><\/figure>\n\n\n\n<p>Menk\u00e4\u00e4 siihen taloon, johon h\u00e4n menee, ja sanokaa talon is\u00e4nn\u00e4lle: \u2019Opettaja kysyy sinulta, miss\u00e4 on huone, jossa h\u00e4n voi sy\u00f6d\u00e4 p\u00e4\u00e4si\u00e4isaterian opetuslastensa kanssa.\u2019 Is\u00e4nt\u00e4 osoittaa teille yl\u00e4kerrasta suuren huoneen, jossa on kaikki j\u00e4rjestettyn\u00e4. Valmistakaa sinne ateria.\u00bb <\/p>\n\n\n\n<figure class=\"wp-block-image size-large\"><a href=\"http:\/\/legotestamentti.kinanen.fi\/wp-content\/uploads\/2021\/04\/viimeinen_ehtoollinen_005b.jpg\"><img decoding=\"async\" src=\"http:\/\/legotestamentti.kinanen.fi\/wp-content\/uploads\/2021\/04\/viimeinen_ehtoollinen_005b-1024x1024.jpg\" alt=\"Jeesus ja opetuslapset p\u00f6yd\u00e4n ymp\u00e4rill\u00e4 aterioimassa\" class=\"wp-image-78\"\/><\/a><\/figure>\n\n\n\n<p>Kun hetki koitti, Jeesus k\u00e4vi aterialle yhdess\u00e4 apostolien kanssa.  H\u00e4n sanoi heille: \u00bbHartaasti olen halunnut sy\u00f6d\u00e4 t\u00e4m\u00e4n p\u00e4\u00e4si\u00e4isaterian teid\u00e4n kanssanne ennen k\u00e4rsimyst\u00e4ni. Sill\u00e4 min\u00e4 sanon teille: en\u00e4\u00e4 en sy\u00f6 p\u00e4\u00e4si\u00e4isateriaa, ennen kuin se saa t\u00e4yttymyksens\u00e4 Jumalan valtakunnassa.\u00bb<\/p>\n\n\n\n<figure class=\"wp-block-image size-large\"><a href=\"http:\/\/legotestamentti.kinanen.fi\/wp-content\/uploads\/2021\/04\/viimeinen_ehtoollinen_006b.jpg\"><img decoding=\"async\" src=\"http:\/\/legotestamentti.kinanen.fi\/wp-content\/uploads\/2021\/04\/viimeinen_ehtoollinen_006b-1024x1024.jpg\" alt=\"\" class=\"wp-image-79\"\/><\/a><\/figure>\n\n\n\n<p>H\u00e4n otti k\u00e4siins\u00e4 maljan, kiitti Jumalaa ja sanoi: \u00bbOttakaa t\u00e4m\u00e4 ja jakakaa kesken\u00e4nne.  Min\u00e4 sanon teille: t\u00e4stedes en maista viinik\u00f6ynn\u00f6ksen antia, ennen kuin Jumalan valtakunta on tullut.\u00bb<\/p>\n\n\n\n<figure class=\"wp-block-image size-large\"><a href=\"http:\/\/legotestamentti.kinanen.fi\/wp-content\/uploads\/2021\/04\/viimeinen_ehtoollinen_011b.jpg\"><img decoding=\"async\" src=\"http:\/\/legotestamentti.kinanen.fi\/wp-content\/uploads\/2021\/04\/viimeinen_ehtoollinen_011b-1024x1024.jpg\" alt=\"Jeesus siunaa ja murtaa leiv\u00e4n ja jakaa opetuslapsille\" class=\"wp-image-83\"\/><\/a><\/figure>\n\n\n\n<p>Sitten h\u00e4n otti leiv\u00e4n, siunasi, mursi ja antoi sen opetuslapsilleen sanoen: \u00bbT\u00e4m\u00e4 on minun ruumiini, joka annetaan teid\u00e4n puolestanne. Tehk\u00e4\u00e4 t\u00e4m\u00e4 minun muistokseni.\u00bb<\/p>\n\n\n\n<figure class=\"wp-block-image size-large\"><a href=\"http:\/\/legotestamentti.kinanen.fi\/wp-content\/uploads\/2021\/04\/viimeinen_ehtoollinen_010b.jpg\"><img decoding=\"async\" src=\"http:\/\/legotestamentti.kinanen.fi\/wp-content\/uploads\/2021\/04\/viimeinen_ehtoollinen_010b-1024x1024.jpg\" alt=\"Jeesus ojentaa maljan opetuslapsille\" class=\"wp-image-82\"\/><\/a><\/figure>\n\n\n\n<p>Aterian j\u00e4lkeen h\u00e4n samalla tavoin otti maljan ja sanoi: \u00bbT\u00e4m\u00e4 malja on uusi liitto minun veress\u00e4ni, joka vuodatetaan teid\u00e4n puolestanne.<\/p>\n\n\n\n<p>Mutta t\u00e4lle samalle p\u00f6yd\u00e4lle ojentaa yhdess\u00e4 minun kanssani k\u00e4tens\u00e4 my\u00f6s minun kavaltajani. Ihmisen Poika l\u00e4htee t\u00e4\u00e4lt\u00e4 juuri niin kuin h\u00e4nen on m\u00e4\u00e4r\u00e4 l\u00e4hte\u00e4, mutta voi sit\u00e4, josta tulee h\u00e4nen kavaltajansa!\u00bb 23Opetuslapset alkoivat kysell\u00e4 toisiltaan, kuka heist\u00e4 se saattaisi olla.<\/p>\n\n\n\n<figure class=\"wp-block-image size-large\"><a href=\"http:\/\/legotestamentti.kinanen.fi\/wp-content\/uploads\/2021\/04\/viimeinen_ehtoollinen_008b.jpg\"><img decoding=\"async\" src=\"http:\/\/legotestamentti.kinanen.fi\/wp-content\/uploads\/2021\/04\/viimeinen_ehtoollinen_008b-1024x1024.jpg\" alt=\"Opetuslapset pohtivat kuka on Jeesuksen kavaltaja\" class=\"wp-image-80\"\/><\/a><\/figure>\n\n\n\n<p>Opetuslasten kesken syntyi my\u00f6s kiistaa siit\u00e4, ket\u00e4 heist\u00e4 olisi pidett\u00e4v\u00e4 suurimpana. Silloin Jeesus sanoi heille:<br>\u00bbKuninkaat hallitsevat herroina kansojaan, ja vallanpit\u00e4j\u00e4t vaativat, ett\u00e4 heit\u00e4 kutsutaan hyv\u00e4ntekij\u00f6iksi. 26Niin ei saa olla teid\u00e4n keskuudessanne. Joka teid\u00e4n joukossanne on suurin, se olkoon kuin nuorin, ja joka on johtaja, olkoon kuin palvelija. Kumpi on suurempi, se, joka on aterialla, vai se, joka palvelee h\u00e4nt\u00e4? Eik\u00f6 se, joka on aterialla? Mutta min\u00e4 olen teid\u00e4n keskell\u00e4nne niin kuin se, joka palvelee. \u00bbKoko ajan, kaikissa koettelemuksissani, te olette pysyneet minun kanssani. Niinp\u00e4 min\u00e4 annan teille kuninkaallisen vallan, niin kuin Is\u00e4ni on minulle antanut. Te saatte minun valtakunnassani sy\u00f6d\u00e4 ja juoda minun p\u00f6yd\u00e4ss\u00e4ni, ja te istutte valtaistuimilla ja hallitsette Israelin kahtatoista heimoa.<\/p>\n\n\n\n<figure class=\"wp-block-image size-large\"><a href=\"http:\/\/legotestamentti.kinanen.fi\/wp-content\/uploads\/2021\/04\/viimeinen_ehtoollinen_014b.jpg\"><img decoding=\"async\" src=\"http:\/\/legotestamentti.kinanen.fi\/wp-content\/uploads\/2021\/04\/viimeinen_ehtoollinen_014b-1024x1024.jpg\" alt=\"Jeesus ennustaa, ett\u00e4 Pietari kielt\u00e4\u00e4 h\u00e4net kolme kertaa\" class=\"wp-image-86\"\/><\/a><\/figure>\n\n\n\n<p><strong>Jeesus ennustaa Pietarin luopumisen<\/strong><\/p>\n\n\n\n<p>\u00bbSimon, Simon! Saatana on saanut luvan seuloa teit\u00e4 niin kuin viljaa. Mutta min\u00e4 olen rukoillut puolestasi, ettei uskosi sammuisi. Ja kun olet palannut takaisin, vahvista velji\u00e4si.\u00bb<\/p>\n\n\n\n<figure class=\"wp-block-image size-large\"><a href=\"http:\/\/legotestamentti.kinanen.fi\/wp-content\/uploads\/2021\/04\/viimeinen_ehtoollinen_013b.jpg\"><img decoding=\"async\" src=\"http:\/\/legotestamentti.kinanen.fi\/wp-content\/uploads\/2021\/04\/viimeinen_ehtoollinen_013b-1024x1024.jpg\" alt=\"Pietari uhoaa uskollisuuttaan Jeesukselle\" class=\"wp-image-85\"\/><\/a><\/figure>\n\n\n\n<p>Pietari sanoi h\u00e4nelle: \u00bbHerra, sinun kanssasi min\u00e4 olen valmis menem\u00e4\u00e4n vaikka vankilaan tai kuolemaankin.\u00bb\u00a0Mutta Jeesus vastasi: \u00bbMin\u00e4 sanon sinulle, Pietari: ennen kuin kukko t\u00e4n\u00e4\u00e4n laulaa, sin\u00e4 olet kolmesti kielt\u00e4nyt tuntevasi minut.\u00bb<\/p>\n\n\n\n<figure class=\"wp-block-image size-large\"><a href=\"http:\/\/legotestamentti.kinanen.fi\/wp-content\/uploads\/2021\/04\/viimeinen_ehtoollinen_009b.jpg\"><img decoding=\"async\" src=\"http:\/\/legotestamentti.kinanen.fi\/wp-content\/uploads\/2021\/04\/viimeinen_ehtoollinen_009b-1024x1024.jpg\" alt=\"Opetuslapset vastaavat Jeesukselle\" class=\"wp-image-81\"\/><\/a><\/figure>\n\n\n\n<p>Jeesus sanoi opetuslapsille: \u00bbKun l\u00e4hetin teid\u00e4t matkaan ilman kukkaroa, laukkua ja jalkineita, niin puuttuiko teilt\u00e4 mit\u00e4\u00e4n?\u00bb \u00bbEi mit\u00e4\u00e4n\u00bb, he vastasivat.<\/p>\n\n\n\n<figure class=\"wp-block-image size-large\"><a href=\"http:\/\/legotestamentti.kinanen.fi\/wp-content\/uploads\/2021\/04\/viimeinen_ehtoollinen_012b.jpg\"><img decoding=\"async\" src=\"http:\/\/legotestamentti.kinanen.fi\/wp-content\/uploads\/2021\/04\/viimeinen_ehtoollinen_012b-1024x1024.jpg\" alt=\"Opetuslapset n\u00e4ytt\u00e4v\u00e4t Jeesukselle kahta miekkaa\" class=\"wp-image-84\"\/><\/a><\/figure>\n\n\n\n<p>Silloin Jeesus sanoi: \u00bbNyt on toisin. Jolla on kukkaro, ottakoon sen mukaansa, samoin laukun. Jolla ei ole rahaa, myyk\u00f6\u00f6n viitan p\u00e4\u00e4lt\u00e4\u00e4n ja ostakoon miekan. Sill\u00e4 tiet\u00e4k\u00e4\u00e4, ett\u00e4 t\u00e4m\u00e4n kirjoituksen t\u00e4ytyy k\u00e4yd\u00e4 minussa toteen: \u2019H\u00e4net luettiin rikollisten joukkoon.\u2019 Kaikki, mit\u00e4 minusta on lausuttu, saa nyt t\u00e4yttymyksens\u00e4.\u00bb Opetuslapset sanoivat: \u00bbHerra, t\u00e4ss\u00e4 on kaksi miekkaa.\u00bb \u00bbRiitt\u00e4\u00e4\u00bb, h\u00e4n vastasi.<\/p>\n\t\t\t\t\t\t\t\t<\/div>\n\t\t\t\t<\/div>\n\t\t\t\t\t<\/div>\n\t\t\t\t<\/div>\n\t\t\t\t<\/div>\n\t\t","protected":false},"excerpt":{"rendered":"<p>Ehtoollinen yl\u00e4salissa P\u00e4\u00e4si\u00e4isaterian valmistelu Sitten tuli se happamattoman leiv\u00e4n p\u00e4iv\u00e4, jona p\u00e4\u00e4si\u00e4islammas oli teurastettava. Jeesus l\u00e4hetti Pietarin ja Johanneksen kaupunkiin ja sanoi heille: \u00bbMenk\u00e4\u00e4 valmistamaan meille p\u00e4\u00e4si\u00e4isateria.\u00bb He kysyiv\u00e4t: \u00bbMinne tahdot meid\u00e4n valmistavan sen?\u00bb H\u00e4n sanoi: \u00bbKun tulette kaupunkiin, teit\u00e4 vastaan tulee vesiruukkua kantava mies. Seuratkaa h\u00e4nt\u00e4. Menk\u00e4\u00e4 siihen taloon, johon h\u00e4n menee, ja sanokaa [&hellip;]<\/p>\n","protected":false},"author":1,"featured_media":0,"parent":0,"menu_order":0,"comment_status":"closed","ping_status":"closed","template":"","meta":{"footnotes":""},"class_list":["post-74","page","type-page","status-publish","hentry"],"_links":{"self":[{"href":"https:\/\/www.kinanen.fi\/legotestamentti\/wp-json\/wp\/v2\/pages\/74","targetHints":{"allow":["GET"]}}],"collection":[{"href":"https:\/\/www.kinanen.fi\/legotestamentti\/wp-json\/wp\/v2\/pages"}],"about":[{"href":"https:\/\/www.kinanen.fi\/legotestamentti\/wp-json\/wp\/v2\/types\/page"}],"author":[{"embeddable":true,"href":"https:\/\/www.kinanen.fi\/legotestamentti\/wp-json\/wp\/v2\/users\/1"}],"replies":[{"embeddable":true,"href":"https:\/\/www.kinanen.fi\/legotestamentti\/wp-json\/wp\/v2\/comments?post=74"}],"version-history":[{"count":4,"href":"https:\/\/www.kinanen.fi\/legotestamentti\/wp-json\/wp\/v2\/pages\/74\/revisions"}],"predecessor-version":[{"id":673,"href":"https:\/\/www.kinanen.fi\/legotestamentti\/wp-json\/wp\/v2\/pages\/74\/revisions\/673"}],"wp:attachment":[{"href":"https:\/\/www.kinanen.fi\/legotestamentti\/wp-json\/wp\/v2\/media?parent=74"}],"curies":[{"name":"wp","href":"https:\/\/api.w.org\/{rel}","templated":true}]}}