{"id":104,"date":"2008-10-22T10:48:49","date_gmt":"2008-10-22T10:48:49","guid":{"rendered":"https:\/\/www.kinanen.fi\/sukuseura\/kinasen-suvusta\/"},"modified":"2008-10-22T10:48:49","modified_gmt":"2008-10-22T10:48:49","slug":"kinasen-suvusta","status":"publish","type":"page","link":"https:\/\/www.kinanen.fi\/sukuseura\/","title":{"rendered":"Kinasen suvusta"},"content":{"rendered":"<h1>Sukututkimuksesta<br \/><\/h1>\n<h2>Sukututkimuksesta    (Ritva Puura):<\/h2>\n<p>&#8221;Sitten viime tiedon      olen l\u00f6yt\u00e4nyt 1600-luvulla el\u00e4neen Kinasen Sulkavan kuolleiden      luettelosta. H\u00e4n on Peer Larsinpoika Kinain, joka kuoli 9.4.1688, ja      h\u00e4nen mainitaan olleen 86-vuotias vanha lautamies, siis jokseenkin valistunut      henkil\u00f6. H\u00e4nen j\u00e4lkel\u00e4isi\u00e4\u00e4n n\u00e4ytt\u00e4\u00e4      muuttaneen ainakin Uukuniemelle ja Kerim\u00e4elle. Kerim\u00e4ell\u00e4 syntyi      mm.v. 1727 Rantasalmen Kinasten esi-isiin kuuluva Johan Ericinpoika.<\/p>\n<p>Kun Ruotsi levitti      l\u00e4ntist\u00e4 lutherilaista uskoaan Sortavalan seudulle, niin ensimm\u00e4isen      luterilaisen kirkon rakennuspuiden lahjoittajana mainittu Kinain Karmalan      kyl\u00e4st\u00e4 on varmaankin ollut l\u00e4nnenp\u00e4\u00e4 siirtynyt &#8217;oikeaoppinen&#8217;.      N\u00e4ille uskonlevitt\u00e4jille kruunu lahjoitteli asuttavaksi Tveriin      paenneitten ortodoksien autiotiloja. Koska puulahjoitus tapahtui jo 1630-luvulla,      h\u00e4n ei ole voinut olla v. 1602 syntyneen Peerin poika. Onko h\u00e4n      sitten ollut kenties itse Peer tai h\u00e4nen veljens\u00e4, sit\u00e4 en      ole saanut viel\u00e4 selville. Voisihan olla niinkin, ett\u00e4 Peer tuli      takaisin l\u00e4nnemm\u00e4ksi Sulkavalle ja j\u00e4tti yhden pojistaan (Juho)      Sortavalan Karmalan kyl\u00e4\u00e4n maksamaan vuonna 1680 kruunulle veroja.<\/p>\n<p>On alkanut tutkimisieni      my\u00f6t\u00e4 tuntua silt\u00e4, ett\u00e4 suku on levinnyt Laatokan Karjalaan      l\u00e4nnest\u00e4 p\u00e4in eik\u00e4 p\u00e4invastoin kuten mm. Kepsu      on esitt\u00e4nyt ja jollaisena levi\u00e4misen      esittelin vuoden 1996 sukukokouksessa.&#8221;<\/p>\n<p>\u00a0<\/p>\n<p><img fetchpriority=\"high\" decoding=\"async\" class=\" size-full wp-image-103\" alt=\"sukupuu\" src=\"https:\/\/www.kinanen.fi\/sukuseura\/wp-content\/uploads\/2008\/10\/sukupuu.gif\" height=\"397\" width=\"545\" \/><\/p>\n<h2>Saulo Kepsu; Pohjois-Kymenlaakson kyl\u00e4nnimet<\/h2>\n<p>&#8221;Kinanen lienee      alkujaan laatokankarjalainen henkil\u00f6nimi. Sortavalan seuduilta ovat todenn\u00e4k\u00f6isesti      l\u00e4ht\u00f6isin Sulkavan ja Rantasalmen sek\u00e4 Ilomantsin Kinaset.      M\u00e4ntyharjun Kinanen on todenn\u00e4k\u00f6isesti valkealaista (Kinansaari)      perua. Kinansaarten asukkaidenkin alkuper\u00e4 viittaa ainakin osittain Laatokan      Karjalaan. Sen vanhimmista maakirjoista l\u00e4htien siell\u00e4 on asunut      Kinanen-nimisi\u00e4 henkil\u00f6it\u00e4.<\/p>\n<p>Henkil\u00f6nimeen      Kinanen perustuvat Paimion Kinastenkujaa ehk\u00e4 lukuunottamatta Kinanen-,      Kinasen-, Kinasten-, Kinasti(n)- paikanimet sek\u00e4 muista Kina-paikanimist\u00e4      er\u00e4\u00e4t Kinala-nimet. Jos Hartolan, Joutsan ja Taipalsaaren Kinaste-      ja Kinasti-paikannimet ovat keskiaikaisia, johtunevat nekin Laatokan Karjalasta      l\u00e4hteneist\u00e4 Kinasista.<\/p>\n<p>Kina-nimet liittyv\u00e4t      koko maassa k\u00e4yt\u00f6ss\u00e4 olevaan kina substantiiviin; riita, tora.<\/p>\n<p>Vanha henkil\u00f6nimi      Kinanen voi perustusa adjektiiviin kinainen (toraisa). Riitainen ihminen on      voinut saada t\u00e4llaisen liikanimen. Toisaalta pohjana voi olla my\u00f6s      kaksiosainen liikanimi (esim.Kina-Matti). On my\u00f6s mahdollista, ett\u00e4      Laatokan Karjalassa olisi ollut ven\u00e4l\u00e4isper\u00e4inen etunimi Kina      (vert. ven. Kinja, Kina). My\u00f6s esiintyy ven\u00e4j\u00e4nkielisi\u00e4      nimi\u00e4 Lukina, jota on tavattu juuri Laatokan Karjalassa tai sitten Logina.      Henkil\u00f6nimest\u00e4 Lokinainen tai Lukinainen on voinut synty\u00e4 Kinainen.      Varmoja esimerkkej\u00e4 viimeksi mainitusta ei ole.&#8221;<\/p>\n<blockquote><\/blockquote>\n","protected":false},"excerpt":{"rendered":"<h1>Sukututkimuksesta<br \/><\/h1>\n<h2>Sukututkimuksesta    (Ritva Puura):<\/h2>\n<p>&#8221;Sitten viime tiedon      olen l\u00f6yt\u00e4nyt 1600-luvulla el\u00e4neen Kinasen Sulkavan kuolleiden      luettelosta. H\u00e4n on Peer Larsinpoika Kinain, joka kuoli 9.4.1688, ja      h\u00e4nen mainitaan olleen 86-vuotias vanha lautamies, siis jokseenkin valistunut      henkil\u00f6. H\u00e4nen j\u00e4lkel\u00e4isi\u00e4\u00e4n n\u00e4ytt\u00e4\u00e4      muuttaneen ainakin Uukuniemelle ja Kerim\u00e4elle. Kerim\u00e4ell\u00e4 syntyi      mm.v. 1727 Rantasalmen Kinasten esi-isiin kuuluva Johan Ericinpoika.<\/p>\n","protected":false},"author":1,"featured_media":103,"parent":0,"menu_order":3,"comment_status":"closed","ping_status":"closed","template":"","meta":{"footnotes":""},"class_list":["post-104","page","type-page","status-publish","has-post-thumbnail","hentry"],"_links":{"self":[{"href":"https:\/\/www.kinanen.fi\/sukuseura\/wp-json\/wp\/v2\/pages\/104","targetHints":{"allow":["GET"]}}],"collection":[{"href":"https:\/\/www.kinanen.fi\/sukuseura\/wp-json\/wp\/v2\/pages"}],"about":[{"href":"https:\/\/www.kinanen.fi\/sukuseura\/wp-json\/wp\/v2\/types\/page"}],"author":[{"embeddable":true,"href":"https:\/\/www.kinanen.fi\/sukuseura\/wp-json\/wp\/v2\/users\/1"}],"replies":[{"embeddable":true,"href":"https:\/\/www.kinanen.fi\/sukuseura\/wp-json\/wp\/v2\/comments?post=104"}],"version-history":[{"count":1,"href":"https:\/\/www.kinanen.fi\/sukuseura\/wp-json\/wp\/v2\/pages\/104\/revisions"}],"predecessor-version":[{"id":352,"href":"https:\/\/www.kinanen.fi\/sukuseura\/wp-json\/wp\/v2\/pages\/104\/revisions\/352"}],"wp:featuredmedia":[{"embeddable":true,"href":"https:\/\/www.kinanen.fi\/sukuseura\/wp-json\/wp\/v2\/media\/103"}],"wp:attachment":[{"href":"https:\/\/www.kinanen.fi\/sukuseura\/wp-json\/wp\/v2\/media?parent=104"}],"curies":[{"name":"wp","href":"https:\/\/api.w.org\/{rel}","templated":true}]}}