{"id":1804,"date":"2022-09-18T18:13:25","date_gmt":"2022-09-18T15:13:25","guid":{"rendered":"https:\/\/www.kinanen.fi\/unelma\/?page_id=1804"},"modified":"2022-09-18T18:52:39","modified_gmt":"2022-09-18T15:52:39","slug":"etusivu","status":"publish","type":"page","link":"https:\/\/www.kinanen.fi\/unelma\/","title":{"rendered":"Etusivu"},"content":{"rendered":"\t\t<div data-elementor-type=\"wp-post\" data-elementor-id=\"1804\" class=\"elementor elementor-1804\" data-elementor-post-type=\"page\">\n\t\t\t\t\t\t<section class=\"elementor-section elementor-top-section elementor-element elementor-element-5bfeb86 elementor-section-boxed elementor-section-height-default elementor-section-height-default\" data-id=\"5bfeb86\" data-element_type=\"section\" data-e-type=\"section\">\n\t\t\t\t\t\t<div class=\"elementor-container elementor-column-gap-default\">\n\t\t\t\t\t<div class=\"elementor-column elementor-col-100 elementor-top-column elementor-element elementor-element-d2258e8\" data-id=\"d2258e8\" data-element_type=\"column\" data-e-type=\"column\">\n\t\t\t<div class=\"elementor-widget-wrap elementor-element-populated\">\n\t\t\t\t\t\t<div class=\"elementor-element elementor-element-216c30d elementor-grid-3 elementor-grid-tablet-2 elementor-grid-mobile-1 elementor-posts--thumbnail-top elementor-widget elementor-widget-posts\" data-id=\"216c30d\" data-element_type=\"widget\" data-e-type=\"widget\" data-settings=\"{&quot;classic_columns&quot;:&quot;3&quot;,&quot;classic_columns_tablet&quot;:&quot;2&quot;,&quot;classic_columns_mobile&quot;:&quot;1&quot;,&quot;classic_row_gap&quot;:{&quot;unit&quot;:&quot;px&quot;,&quot;size&quot;:35,&quot;sizes&quot;:[]},&quot;classic_row_gap_tablet&quot;:{&quot;unit&quot;:&quot;px&quot;,&quot;size&quot;:&quot;&quot;,&quot;sizes&quot;:[]},&quot;classic_row_gap_mobile&quot;:{&quot;unit&quot;:&quot;px&quot;,&quot;size&quot;:&quot;&quot;,&quot;sizes&quot;:[]}}\" data-widget_type=\"posts.classic\">\n\t\t\t\t<div class=\"elementor-widget-container\">\n\t\t\t\t\t\t\t<div class=\"elementor-posts-container elementor-posts elementor-posts--skin-classic elementor-grid\" role=\"list\">\n\t\t\t\t<article class=\"elementor-post elementor-grid-item post-1796 post type-post status-publish format-standard has-post-thumbnail hentry category-ruoka\" role=\"listitem\">\n\t\t\t\t<a class=\"elementor-post__thumbnail__link\" href=\"https:\/\/www.kinanen.fi\/unelma\/ruoka\/sillihyvaa-taas-kerran\/\" tabindex=\"-1\" >\n\t\t\t<div class=\"elementor-post__thumbnail\"><img fetchpriority=\"high\" decoding=\"async\" width=\"300\" height=\"225\" src=\"https:\/\/www.kinanen.fi\/unelma\/wp-content\/uploads\/2022\/07\/Sillija\u0308a\u0308telo\u0308-9-300x225.jpeg\" class=\"attachment-medium size-medium wp-image-1800\" alt=\"Sillij\u00e4\u00e4tel\u00f6\u00e4 perunan p\u00e4\u00e4ll\u00e4\" srcset=\"https:\/\/www.kinanen.fi\/unelma\/wp-content\/uploads\/2022\/07\/Sillija\u0308a\u0308telo\u0308-9-300x225.jpeg 300w, https:\/\/www.kinanen.fi\/unelma\/wp-content\/uploads\/2022\/07\/Sillija\u0308a\u0308telo\u0308-9-320x240.jpeg 320w, https:\/\/www.kinanen.fi\/unelma\/wp-content\/uploads\/2022\/07\/Sillija\u0308a\u0308telo\u0308-9-450x338.jpeg 450w, https:\/\/www.kinanen.fi\/unelma\/wp-content\/uploads\/2022\/07\/Sillija\u0308a\u0308telo\u0308-9.jpeg 600w\" sizes=\"(max-width: 300px) 100vw, 300px\" \/><\/div>\n\t\t<\/a>\n\t\t\t\t<div class=\"elementor-post__text\">\n\t\t\t\t<h3 class=\"elementor-post__title\">\n\t\t\t<a href=\"https:\/\/www.kinanen.fi\/unelma\/ruoka\/sillihyvaa-taas-kerran\/\" >\n\t\t\t\tSillihyv\u00e4\u00e4 taas kerran\t\t\t<\/a>\n\t\t<\/h3>\n\t\t\t\t<div class=\"elementor-post__meta-data\">\n\t\t\t\t\t<span class=\"elementor-post-date\">\n\t\t\t15.7.2022\t\t<\/span>\n\t\t\t\t<\/div>\n\t\t\t\t<div class=\"elementor-post__excerpt\">\n\t\t\t<p>Mit\u00e4 on kes\u00e4 ilman sillij\u00e4\u00e4tel\u00f6\u00e4. Ei niin mik\u00e4\u00e4n \ud83d\ude00 Tarvitaan: Silli\u00e4, itse k\u00e4yt\u00e4n maustettuja ravintolafileit\u00e4 Erilaisia sipuleita mit\u00e4 l\u00f6ytyy, nyt oli kes\u00e4sipulia ja salottisopulia sek\u00e4<\/p>\n\t\t<\/div>\n\t\t\n\t\t<a class=\"elementor-post__read-more\" href=\"https:\/\/www.kinanen.fi\/unelma\/ruoka\/sillihyvaa-taas-kerran\/\" aria-label=\"Read more about Sillihyv\u00e4\u00e4 taas kerran\" tabindex=\"-1\" >\n\t\t\tRead More \u00bb\t\t<\/a>\n\n\t\t\t\t<\/div>\n\t\t\t\t<\/article>\n\t\t\t\t<article class=\"elementor-post elementor-grid-item post-1790 post type-post status-publish format-standard has-post-thumbnail hentry category-ruoka tag-broiler tag-kana tag-valkosipuli\" role=\"listitem\">\n\t\t\t\t<a class=\"elementor-post__thumbnail__link\" href=\"https:\/\/www.kinanen.fi\/unelma\/ruoka\/kiovan-kanaa\/\" tabindex=\"-1\" >\n\t\t\t<div class=\"elementor-post__thumbnail\"><img decoding=\"async\" width=\"300\" height=\"225\" src=\"https:\/\/www.kinanen.fi\/unelma\/wp-content\/uploads\/2022\/03\/Kievin-kana-9-300x225.jpeg\" class=\"attachment-medium size-medium wp-image-1791\" alt=\"Valmis annos, kanafele, perunamuusia ja herneit\u00e4\" srcset=\"https:\/\/www.kinanen.fi\/unelma\/wp-content\/uploads\/2022\/03\/Kievin-kana-9-300x225.jpeg 300w, https:\/\/www.kinanen.fi\/unelma\/wp-content\/uploads\/2022\/03\/Kievin-kana-9-320x240.jpeg 320w, https:\/\/www.kinanen.fi\/unelma\/wp-content\/uploads\/2022\/03\/Kievin-kana-9-450x338.jpeg 450w, https:\/\/www.kinanen.fi\/unelma\/wp-content\/uploads\/2022\/03\/Kievin-kana-9.jpeg 600w\" sizes=\"(max-width: 300px) 100vw, 300px\" \/><\/div>\n\t\t<\/a>\n\t\t\t\t<div class=\"elementor-post__text\">\n\t\t\t\t<h3 class=\"elementor-post__title\">\n\t\t\t<a href=\"https:\/\/www.kinanen.fi\/unelma\/ruoka\/kiovan-kanaa\/\" >\n\t\t\t\tKiovan kanaa\t\t\t<\/a>\n\t\t<\/h3>\n\t\t\t\t<div class=\"elementor-post__meta-data\">\n\t\t\t\t\t<span class=\"elementor-post-date\">\n\t\t\t28.3.2022\t\t<\/span>\n\t\t\t\t<\/div>\n\t\t\t\t<div class=\"elementor-post__excerpt\">\n\t\t\t<p>T\u00e4n\u00e4\u00e4n lounas oli kantaa ottava ja tarjosi hiljaista tukea ukrainalaisille. P\u00e4\u00e4tin opetella tekem\u00e4\u00e4n Kevin kanaa. Kiovan kana on ruokalaji, joka valmistetaan kanafileesta ja yrttivoista paneroimalla.<\/p>\n\t\t<\/div>\n\t\t\n\t\t<a class=\"elementor-post__read-more\" href=\"https:\/\/www.kinanen.fi\/unelma\/ruoka\/kiovan-kanaa\/\" aria-label=\"Read more about Kiovan kanaa\" tabindex=\"-1\" >\n\t\t\tRead More \u00bb\t\t<\/a>\n\n\t\t\t\t<\/div>\n\t\t\t\t<\/article>\n\t\t\t\t<article class=\"elementor-post elementor-grid-item post-1786 post type-post status-publish format-standard has-post-thumbnail hentry category-ruoka tag-kananmuna tag-mansikka tag-sokeri\" role=\"listitem\">\n\t\t\t\t<a class=\"elementor-post__thumbnail__link\" href=\"https:\/\/www.kinanen.fi\/unelma\/ruoka\/marjapiirakka\/\" tabindex=\"-1\" >\n\t\t\t<div class=\"elementor-post__thumbnail\"><img decoding=\"async\" width=\"300\" height=\"225\" src=\"https:\/\/www.kinanen.fi\/unelma\/wp-content\/uploads\/2022\/03\/Marjapiirakka-2-300x225.jpeg\" class=\"attachment-medium size-medium wp-image-1787\" alt=\"\" srcset=\"https:\/\/www.kinanen.fi\/unelma\/wp-content\/uploads\/2022\/03\/Marjapiirakka-2-300x225.jpeg 300w, https:\/\/www.kinanen.fi\/unelma\/wp-content\/uploads\/2022\/03\/Marjapiirakka-2-320x240.jpeg 320w, https:\/\/www.kinanen.fi\/unelma\/wp-content\/uploads\/2022\/03\/Marjapiirakka-2-450x338.jpeg 450w, https:\/\/www.kinanen.fi\/unelma\/wp-content\/uploads\/2022\/03\/Marjapiirakka-2.jpeg 600w\" sizes=\"(max-width: 300px) 100vw, 300px\" \/><\/div>\n\t\t<\/a>\n\t\t\t\t<div class=\"elementor-post__text\">\n\t\t\t\t<h3 class=\"elementor-post__title\">\n\t\t\t<a href=\"https:\/\/www.kinanen.fi\/unelma\/ruoka\/marjapiirakka\/\" >\n\t\t\t\tMarjapiirakka\t\t\t<\/a>\n\t\t<\/h3>\n\t\t\t\t<div class=\"elementor-post__meta-data\">\n\t\t\t\t\t<span class=\"elementor-post-date\">\n\t\t\t23.3.2022\t\t<\/span>\n\t\t\t\t<\/div>\n\t\t\t\t<div class=\"elementor-post__excerpt\">\n\t\t\t<p>Ihan ensiksi. Min\u00e4 en ole leipuri. Toiseksi, piti tehd\u00e4 jotakin yll\u00e4tt\u00e4v\u00e4\u00e4n kahvihetkeen sellaisista aineksista jotka l\u00f6ytyv\u00e4t kotoa. Pakastimessa oli viel\u00e4 marjoja, joten sielt\u00e4 jotakin esiin<\/p>\n\t\t<\/div>\n\t\t\n\t\t<a class=\"elementor-post__read-more\" href=\"https:\/\/www.kinanen.fi\/unelma\/ruoka\/marjapiirakka\/\" aria-label=\"Read more about Marjapiirakka\" tabindex=\"-1\" >\n\t\t\tRead More \u00bb\t\t<\/a>\n\n\t\t\t\t<\/div>\n\t\t\t\t<\/article>\n\t\t\t\t<article class=\"elementor-post elementor-grid-item post-1783 post type-post status-publish format-standard has-post-thumbnail hentry category-ruoka tag-chili tag-inkivaari tag-linssit tag-sipuli\" role=\"listitem\">\n\t\t\t\t<a class=\"elementor-post__thumbnail__link\" href=\"https:\/\/www.kinanen.fi\/unelma\/ruoka\/linssikeitto\/\" tabindex=\"-1\" >\n\t\t\t<div class=\"elementor-post__thumbnail\"><img loading=\"lazy\" decoding=\"async\" width=\"300\" height=\"225\" src=\"https:\/\/www.kinanen.fi\/unelma\/wp-content\/uploads\/2022\/03\/Linssikeitto-5-300x225.jpeg\" class=\"attachment-medium size-medium wp-image-1784\" alt=\"Kuksa, jossa linssikeittoa, taustalla meren j\u00e4\u00e4t\u00e4 ja saari horisontissa\" srcset=\"https:\/\/www.kinanen.fi\/unelma\/wp-content\/uploads\/2022\/03\/Linssikeitto-5-300x225.jpeg 300w, https:\/\/www.kinanen.fi\/unelma\/wp-content\/uploads\/2022\/03\/Linssikeitto-5-320x240.jpeg 320w, https:\/\/www.kinanen.fi\/unelma\/wp-content\/uploads\/2022\/03\/Linssikeitto-5-450x338.jpeg 450w, https:\/\/www.kinanen.fi\/unelma\/wp-content\/uploads\/2022\/03\/Linssikeitto-5.jpeg 600w\" sizes=\"(max-width: 300px) 100vw, 300px\" \/><\/div>\n\t\t<\/a>\n\t\t\t\t<div class=\"elementor-post__text\">\n\t\t\t\t<h3 class=\"elementor-post__title\">\n\t\t\t<a href=\"https:\/\/www.kinanen.fi\/unelma\/ruoka\/linssikeitto\/\" >\n\t\t\t\tLinssikeitto\t\t\t<\/a>\n\t\t<\/h3>\n\t\t\t\t<div class=\"elementor-post__meta-data\">\n\t\t\t\t\t<span class=\"elementor-post-date\">\n\t\t\t5.3.2022\t\t<\/span>\n\t\t\t\t<\/div>\n\t\t\t\t<div class=\"elementor-post__excerpt\">\n\t\t\t<p>N\u00e4it\u00e4 tarvittiin t\u00e4n\u00e4\u00e4n 2 sipulia Pala inkiv\u00e4\u00e4ri\u00e4 \u00d6ljy\u00e4 Lemon Drop chili Kurkumaa Suolaa Mutti tomaattimurskaaTomaattipyrett\u00e4 n. 1 l vett\u00e4 2,5 dl punaisia linssej\u00e4 3 dl<\/p>\n\t\t<\/div>\n\t\t\n\t\t<a class=\"elementor-post__read-more\" href=\"https:\/\/www.kinanen.fi\/unelma\/ruoka\/linssikeitto\/\" aria-label=\"Read more about Linssikeitto\" tabindex=\"-1\" >\n\t\t\tRead More \u00bb\t\t<\/a>\n\n\t\t\t\t<\/div>\n\t\t\t\t<\/article>\n\t\t\t\t<article class=\"elementor-post elementor-grid-item post-1780 post type-post status-publish format-standard has-post-thumbnail hentry category-ruoka tag-kala tag-kanamuna tag-kerma tag-paprika tag-sipuli\" role=\"listitem\">\n\t\t\t\t<a class=\"elementor-post__thumbnail__link\" href=\"https:\/\/www.kinanen.fi\/unelma\/ruoka\/kalamureke\/\" tabindex=\"-1\" >\n\t\t\t<div class=\"elementor-post__thumbnail\"><img loading=\"lazy\" decoding=\"async\" width=\"225\" height=\"300\" src=\"https:\/\/www.kinanen.fi\/unelma\/wp-content\/uploads\/2022\/03\/Kalamureke-7-225x300.jpeg\" class=\"attachment-medium size-medium wp-image-1781\" alt=\"Vaimis mureke leikkuulaudalla leikattuna kahteen osaan, leikkuupinnat n\u00e4kyviss\u00e4\" srcset=\"https:\/\/www.kinanen.fi\/unelma\/wp-content\/uploads\/2022\/03\/Kalamureke-7-225x300.jpeg 225w, https:\/\/www.kinanen.fi\/unelma\/wp-content\/uploads\/2022\/03\/Kalamureke-7-320x427.jpeg 320w, https:\/\/www.kinanen.fi\/unelma\/wp-content\/uploads\/2022\/03\/Kalamureke-7-450x600.jpeg 450w, https:\/\/www.kinanen.fi\/unelma\/wp-content\/uploads\/2022\/03\/Kalamureke-7.jpeg 600w\" sizes=\"(max-width: 225px) 100vw, 225px\" \/><\/div>\n\t\t<\/a>\n\t\t\t\t<div class=\"elementor-post__text\">\n\t\t\t\t<h3 class=\"elementor-post__title\">\n\t\t\t<a href=\"https:\/\/www.kinanen.fi\/unelma\/ruoka\/kalamureke\/\" >\n\t\t\t\tKalamureke\t\t\t<\/a>\n\t\t<\/h3>\n\t\t\t\t<div class=\"elementor-post__meta-data\">\n\t\t\t\t\t<span class=\"elementor-post-date\">\n\t\t\t4.3.2022\t\t<\/span>\n\t\t\t\t<\/div>\n\t\t\t\t<div class=\"elementor-post__excerpt\">\n\t\t\t<p>T\u00e4n\u00e4\u00e4n synty kalamureketta ja v\u00e4h\u00e4n muutakin. Pakastimeen oli taas ker\u00e4\u00e4ntynyt useamman kalan ruodot, joten oli hyv\u00e4 aika ryhty\u00e4 niit\u00e4 k\u00e4ytt\u00e4m\u00e4\u00e4n. Ja t\u00e4m\u00e4h\u00e4n on helppoa kuin<\/p>\n\t\t<\/div>\n\t\t\n\t\t<a class=\"elementor-post__read-more\" href=\"https:\/\/www.kinanen.fi\/unelma\/ruoka\/kalamureke\/\" aria-label=\"Read more about Kalamureke\" tabindex=\"-1\" >\n\t\t\tRead More \u00bb\t\t<\/a>\n\n\t\t\t\t<\/div>\n\t\t\t\t<\/article>\n\t\t\t\t<article class=\"elementor-post elementor-grid-item post-1776 post type-post status-publish format-standard has-post-thumbnail hentry category-ruoka tag-broileri tag-chili tag-kana\" role=\"listitem\">\n\t\t\t\t<a class=\"elementor-post__thumbnail__link\" href=\"https:\/\/www.kinanen.fi\/unelma\/ruoka\/hotwings\/\" tabindex=\"-1\" >\n\t\t\t<div class=\"elementor-post__thumbnail\"><img loading=\"lazy\" decoding=\"async\" width=\"225\" height=\"300\" src=\"https:\/\/www.kinanen.fi\/unelma\/wp-content\/uploads\/2022\/02\/Hotwings-7-225x300.jpeg\" class=\"attachment-medium size-medium wp-image-1777\" alt=\"Kanansiipi k\u00e4dess\u00e4 BBQ kastiketta p\u00e4\u00e4ll\u00e4\" srcset=\"https:\/\/www.kinanen.fi\/unelma\/wp-content\/uploads\/2022\/02\/Hotwings-7-225x300.jpeg 225w, https:\/\/www.kinanen.fi\/unelma\/wp-content\/uploads\/2022\/02\/Hotwings-7-320x427.jpeg 320w, https:\/\/www.kinanen.fi\/unelma\/wp-content\/uploads\/2022\/02\/Hotwings-7-450x600.jpeg 450w, https:\/\/www.kinanen.fi\/unelma\/wp-content\/uploads\/2022\/02\/Hotwings-7.jpeg 600w\" sizes=\"(max-width: 225px) 100vw, 225px\" \/><\/div>\n\t\t<\/a>\n\t\t\t\t<div class=\"elementor-post__text\">\n\t\t\t\t<h3 class=\"elementor-post__title\">\n\t\t\t<a href=\"https:\/\/www.kinanen.fi\/unelma\/ruoka\/hotwings\/\" >\n\t\t\t\tHotwings\t\t\t<\/a>\n\t\t<\/h3>\n\t\t\t\t<div class=\"elementor-post__meta-data\">\n\t\t\t\t\t<span class=\"elementor-post-date\">\n\t\t\t28.2.2022\t\t<\/span>\n\t\t\t\t<\/div>\n\t\t\t\t<div class=\"elementor-post__excerpt\">\n\t\t\t<p>Pitk\u00e4\u00e4n on tehnyt mieli laittaa kanansiipi\u00e4. Hyv\u00e4 paketti tarttui kaupasta mukaan ja tuumasta toimeen. Tein alkuun mausteseoksen. Valmista Poppamiehen Rub-sekoitusta, paprikarouhetta ja leivinjauhetta. Paprikarouheella v\u00e4h\u00e4n<\/p>\n\t\t<\/div>\n\t\t\n\t\t<a class=\"elementor-post__read-more\" href=\"https:\/\/www.kinanen.fi\/unelma\/ruoka\/hotwings\/\" aria-label=\"Read more about Hotwings\" tabindex=\"-1\" >\n\t\t\tRead More \u00bb\t\t<\/a>\n\n\t\t\t\t<\/div>\n\t\t\t\t<\/article>\n\t\t\t\t<\/div>\n\t\t\n\t\t\t\t\t\t<\/div>\n\t\t\t\t<\/div>\n\t\t\t\t\t<\/div>\n\t\t<\/div>\n\t\t\t\t\t<\/div>\n\t\t<\/section>\n\t\t\t\t<\/div>\n\t\t","protected":false},"excerpt":{"rendered":"","protected":false},"author":1,"featured_media":0,"parent":0,"menu_order":0,"comment_status":"closed","ping_status":"closed","template":"","meta":{"footnotes":""},"class_list":["post-1804","page","type-page","status-publish","hentry"],"_links":{"self":[{"href":"https:\/\/www.kinanen.fi\/unelma\/wp-json\/wp\/v2\/pages\/1804","targetHints":{"allow":["GET"]}}],"collection":[{"href":"https:\/\/www.kinanen.fi\/unelma\/wp-json\/wp\/v2\/pages"}],"about":[{"href":"https:\/\/www.kinanen.fi\/unelma\/wp-json\/wp\/v2\/types\/page"}],"author":[{"embeddable":true,"href":"https:\/\/www.kinanen.fi\/unelma\/wp-json\/wp\/v2\/users\/1"}],"replies":[{"embeddable":true,"href":"https:\/\/www.kinanen.fi\/unelma\/wp-json\/wp\/v2\/comments?post=1804"}],"version-history":[{"count":4,"href":"https:\/\/www.kinanen.fi\/unelma\/wp-json\/wp\/v2\/pages\/1804\/revisions"}],"predecessor-version":[{"id":1817,"href":"https:\/\/www.kinanen.fi\/unelma\/wp-json\/wp\/v2\/pages\/1804\/revisions\/1817"}],"wp:attachment":[{"href":"https:\/\/www.kinanen.fi\/unelma\/wp-json\/wp\/v2\/media?parent=1804"}],"curies":[{"name":"wp","href":"https:\/\/api.w.org\/{rel}","templated":true}]}}